{"id":9436,"date":"2021-09-12T22:06:05","date_gmt":"2021-09-12T20:06:05","guid":{"rendered":"https:\/\/ag-frisch.com\/skarga\/"},"modified":"2023-01-26T22:49:23","modified_gmt":"2023-01-26T21:49:23","slug":"skarga","status":"publish","type":"page","link":"https:\/\/ag-frisch.com\/pl\/skarga\/","title":{"rendered":"Skarga"},"content":{"rendered":"<p>[et_pb_section fb_built=&#8221;1&#8243; _builder_version=&#8221;4.16&#8243; global_colors_info=&#8221;{}&#8221;][et_pb_row _builder_version=&#8221;4.18.1&#8243; _module_preset=&#8221;default&#8221; global_colors_info=&#8221;{}&#8221;][et_pb_column type=&#8221;4_4&#8243; _builder_version=&#8221;4.18.1&#8243; _module_preset=&#8221;default&#8221; global_colors_info=&#8221;{}&#8221;][et_pb_cta title=&#8221;China Import Consulting&#8221; button_url=&#8221;https:\/\/ag-frisch.com\/pl\/kontakt\/&#8221; button_text=&#8221;Zarezerwuj konsultacj\u0119 ju\u017c teraz&#8221; _builder_version=&#8221;4.16&#8243; _module_preset=&#8221;default&#8221; global_colors_info=&#8221;{}&#8221;]<\/p>\n<p>Dzi\u0119ki poradom Agencji Importu Chin Frisch uda Ci si\u0119 prowadzi\u0107 interesy z Chinami tak, jakby robili to profesjonali\u015bci.  <\/p>\n<p>[\/et_pb_cta][\/et_pb_column][\/et_pb_row][et_pb_row _builder_version=&#8221;4.16&#8243; background_size=&#8221;initial&#8221; background_position=&#8221;top_left&#8221; background_repeat=&#8221;repeat&#8221; global_colors_info=&#8221;{}&#8221;][et_pb_column type=&#8221;4_4&#8243; _builder_version=&#8221;4.16&#8243; custom_padding=&#8221;|||&#8221; global_colors_info=&#8221;{}&#8221; custom_padding__hover=&#8221;|||&#8221;][et_pb_text _builder_version=&#8221;4.16&#8243; background_size=&#8221;initial&#8221; background_position=&#8221;top_left&#8221; background_repeat=&#8221;repeat&#8221; global_colors_info=&#8221;{}&#8221;]<\/p>\n<h1><strong>Serwis posprzeda\u017cowy i rozpatrywanie reklamacji<\/strong><\/h1>\n<p>Nawet po zakupie cz\u0119sto pojawiaj\u0105 si\u0119 pytania, np. o szczeg\u00f3\u0142y dotycz\u0105ce produkt\u00f3w. W najgorszym wypadku pojawiaj\u0105 si\u0119 te\u017c skargi, kt\u00f3re wymagaj\u0105 wyja\u015bnienia. Jeste\u015bmy zatem r\u00f3wnie\u017c Pa\u0144stwa kontaktem po dokonaniu zakupu.<\/p>\n<p><strong>Serwis agencji Frisch po Twoim imporcie z Chin<\/strong><\/p>\n<p>Jako nasz klient mo\u017cesz nam zaufa\u0107, \u017ce nie znikniemy po zako\u0144czeniu transakcji. Jeste\u015bmy nadal dla Ciebie po faktycznym imporcie z Chin. Nasza samoocena jako agencji importowej z pe\u0142n\u0105 obs\u0142ug\u0105 oznacza, \u017ce zajmujemy si\u0119 wszystkim dla Ciebie, a\u017c b\u0119dziesz zadowolony. Nale\u017c\u0105 do nich na przyk\u0142ad:<\/p>\n<ul>\n<li>Kolejne pytania dotycz\u0105ce szczeg\u00f3\u0142\u00f3w<\/li>\n<li>Skargi<\/li>\n<li>Powtarzaj\u0105ce si\u0119 zam\u00f3wienia<\/li>\n<\/ul>\n<p>Jeste\u015bmy Twoim kontaktem w sprawie rozwi\u0105zywania problem\u00f3w zwi\u0105zanych z importem z Chin i ch\u0119tnie zajmiemy si\u0119 wszystkim innym. Mamy r\u00f3wnie\u017c otwarte ucho na Twoje w\u0105tpliwo\u015bci po realizacji zam\u00f3wienia.<\/p>\n<p>&nbsp;<\/p>\n<p><strong>Je\u015bli nadal pojawiaj\u0105 si\u0119 pytania: Rozwi\u0105zywanie problem\u00f3w zwi\u0105zanych z importem z Chin<\/strong><\/p>\n<p>Zdarza si\u0119, \u017ce mimo wst\u0119pnych pr\u00f3bek, z\u0142otych pr\u00f3bek i prototyp\u00f3w, klienci nie s\u0105 zadowoleni z otrzymanego towaru lub pojawiaj\u0105 si\u0119 nieporozumienia. Potem oczywi\u015bcie przejmujemy komunikacj\u0119 z producentem i nie spoczywamy, dop\u00f3ki \u017c\u0105danie zmiany nie zostanie za\u0142atwione.<\/p>\n<p>Co do zasady zalecamy kompleksow\u0105 konsultacj\u0119 i jak najbardziej precyzyjne uzgodnienia dotycz\u0105ce formy umowy, a tak\u017ce ustalenie wszystkich istotnych punkt\u00f3w w samej umowie. Je\u015bli te kamienie w\u0119gielne zostan\u0105 podane, kolejne \u017cyczenia mog\u0105 by\u0107 spe\u0142nione znacznie \u0142atwiej. Ch\u0119tnie doradzimy Pa\u0144stwu r\u00f3wnie\u017c w tej kwestii &#8211; profilaktycznie przed podpisaniem umowy, a tak\u017ce po jej zawarciu.<\/p>\n<p>&nbsp;<\/p>\n<p><strong>Rozpatrywanie skarg za po\u015brednictwem agencji Frisch<\/strong><\/p>\n<p>Jako importer z Chin jeste\u015bmy oczywi\u015bcie do Pa\u0144stwa dyspozycji, je\u015bli chodzi o rozwi\u0105zywanie problem\u00f3w zwi\u0105zanych z importem z Chin. W bardzo rzadkich przypadkach mo\u017ce si\u0119 zdarzy\u0107, \u017ce mimo najdok\u0142adniejszych kontroli z Chin zostanie dostarczony wadliwy towar. Z czysto statystycznego punktu widzenia nie da si\u0119 ca\u0142kowicie unikn\u0105\u0107 takich przypadk\u00f3w. Nawet wtedy jeste\u015bmy Twoim silnym partnerem w imporcie i zapewniamy, \u017ce nie b\u0119dziesz mia\u0142 problem\u00f3w z t\u0105 spraw\u0105. Wyja\u015bniamy sporne punkty z producentem i w razie potrzeby mo\u017cemy zorganizowa\u0107 dostaw\u0119 zast\u0119pcz\u0105 lub wyp\u0142at\u0119 odszkodowania.<\/p>\n<p>&nbsp;<\/p>\n<p><strong>Cz\u0119\u015bci zamienne z Chin dla otrzymanych towar\u00f3w<\/strong><\/p>\n<p>Je\u015bli w zam\u00f3wieniu brakuje jakichkolwiek cz\u0119\u015bci, natychmiast postaramy si\u0119 zdoby\u0107 cz\u0119\u015bci zamienne z Chin dla Twojej dostawy. Jest to cz\u0119\u015b\u0107 naszych us\u0142ug i jest obs\u0142ugiwana tak samo sumiennie i szybko, jak ka\u017cda inna cz\u0119\u015b\u0107 importu do Chin, kt\u00f3r\u0105 obs\u0142ugujesz za po\u015brednictwem Agencji Frisch. W razie najgorszego mo\u017cemy dla Pa\u0144stwa zam\u00f3wi\u0107 np. nast\u0119puj\u0105ce cz\u0119\u015bci zamienne z Chin:<\/p>\n<ul>\n<li>brakuj\u0105ce elementy<\/li>\n<li>Cz\u0119\u015bci zamienne do uszkodzonych towar\u00f3w z Chin<\/li>\n<li>Elementy uzupe\u0142niaj\u0105ce (np. instrukcja obs\u0142ugi)<\/li>\n<\/ul>\n<p>&nbsp;<\/p>\n<p><strong>Ponowne zam\u00f3wienia w ramach serwisu posprzeda\u017cowego<\/strong><\/p>\n<p>Zam\u00f3wi\u0142e\u015b za ma\u0142o lub chcesz zleci\u0107 optymalizacj\u0119 dla kolejnej dostawy? W tym przypadku r\u00f3wnie\u017c ch\u0119tnie zajmiemy si\u0119 Pa\u0144stwa \u017cyczeniami. Rozmawiamy z producentem i badamy Twoje mo\u017cliwo\u015bci, aby kolejne zam\u00f3wienia i uzupe\u0142nienia by\u0142y jak najbardziej dochodowe i efektywne.<\/p>\n<p>&nbsp;<\/p>\n<p><strong>Obs\u0142uga reklamacji jako cz\u0119\u015b\u0107 dzia\u0142alno\u015bci importowej<\/strong><\/p>\n<p>Wadliwe towary z Chin lub wadliwe dostawy nie zawsze mo\u017cna wykluczy\u0107, nawet przy zachowaniu najwi\u0119kszej ostro\u017cno\u015bci, i nie wyst\u0119puj\u0105 one tylko w przypadku importu z Chin. Jako dostawca kompleksowych us\u0142ug, staramy si\u0119 zapewni\u0107 pe\u0142n\u0105 satysfakcj\u0119, je\u015bli chodzi o rozwi\u0105zywanie problem\u00f3w zwi\u0105zanych z importem z Chin.<\/p>\n<p>Ale nawet w normalnym przypadku importu z Chin, kt\u00f3ry przebiega bez \u017cadnych incydent\u00f3w, jeste\u015bmy szcz\u0119\u015bliwi, \u017ce mo\u017cemy by\u0107 dla Ciebie w obs\u0142udze posprzeda\u017cowej. Wyja\u015bniamy pytania otwarte i tworzymy zaanga\u017cowanie. Bo chcemy, aby nasze us\u0142ugi oznacza\u0142y dla Ciebie najlepsz\u0105 obs\u0142ug\u0119 &#8211; i \u017ceby\u015bmy wkr\u00f3tce znale\u017ali Ci\u0119 w du\u017cym gronie naszych wieloletnich, lojalnych, sta\u0142ych klient\u00f3w.<br \/>\n[\/et_pb_text][\/et_pb_column][\/et_pb_row][\/et_pb_section][et_pb_section fb_built=&#8221;1&#8243; admin_label=&#8221;Testimonials&#8221; _builder_version=&#8221;4.16&#8243; use_background_color_gradient=&#8221;on&#8221; background_color_gradient_stops=&#8221;rgba(0,106,156,0.85) 0%|rgba(0,106,156,0.85) 100%&#8221; background_color_gradient_start=&#8221;rgba(0,106,156,0.85)&#8221; background_color_gradient_end=&#8221;rgba(0,106,156,0.85)&#8221; custom_padding=&#8221;90px||60px|&#8221; animation_style=&#8221;fold&#8221; animation_direction=&#8221;bottom&#8221; animation_intensity_fold=&#8221;4%&#8221; global_colors_info=&#8221;{}&#8221;][et_pb_row _builder_version=&#8221;4.16&#8243; background_size=&#8221;initial&#8221; background_position=&#8221;top_left&#8221; background_repeat=&#8221;repeat&#8221; custom_width_px=&#8221;710px&#8221; locked=&#8221;off&#8221; global_colors_info=&#8221;{}&#8221;][et_pb_column type=&#8221;4_4&#8243; _builder_version=&#8221;4.16&#8243; background_position=&#8221;top_left&#8221; custom_padding=&#8221;|||&#8221; global_colors_info=&#8221;{}&#8221; custom_padding__hover=&#8221;|||&#8221;][et_pb_text admin_label=&#8221;Testimonials Section Title&#8221; _builder_version=&#8221;4.16&#8243; header_font=&#8221;Montserrat||||&#8221; header_font_size=&#8221;36px&#8221; background_size=&#8221;initial&#8221; background_position=&#8221;top_left&#8221; background_repeat=&#8221;repeat&#8221; text_orientation=&#8221;center&#8221; background_layout=&#8221;dark&#8221; max_width=&#8221;710px&#8221; module_alignment=&#8221;center&#8221; animation_style=&#8221;fold&#8221; animation_direction=&#8221;bottom&#8221; animation_intensity_fold=&#8221;20%&#8221; global_colors_info=&#8221;{}&#8221;]<\/p>\n<h1>Ponad 5000 zadowolonych klient\u00f3w.<\/h1>\n<p>&nbsp;<\/p>\n<p>[\/et_pb_text][et_pb_divider color=&#8221;#ffffff&#8221; divider_weight=&#8221;3px&#8221; disabled_on=&#8221;off|off|off&#8221; _builder_version=&#8221;4.16&#8243; background_color_gradient_direction=&#8221;90deg&#8221; max_width=&#8221;100px&#8221; module_alignment=&#8221;center&#8221; height=&#8221;5px&#8221; custom_margin=&#8221;||20px|&#8221; custom_padding=&#8221;||20px|&#8221; animation_style=&#8221;slide&#8221; animation_direction=&#8221;bottom&#8221; saved_tabs=&#8221;all&#8221; locked=&#8221;off&#8221; global_colors_info=&#8221;{}&#8221;][\/et_pb_divider][\/et_pb_column][\/et_pb_row][et_pb_row column_structure=&#8221;1_2,1_2&#8243; _builder_version=&#8221;4.18.1&#8243; _module_preset=&#8221;default&#8221; global_colors_info=&#8221;{}&#8221;][et_pb_column type=&#8221;1_2&#8243; _builder_version=&#8221;4.18.1&#8243; _module_preset=&#8221;default&#8221; global_colors_info=&#8221;{}&#8221;][et_pb_testimonial author=&#8221;Marco&#8221; portrait_url=&#8221;https:\/\/ag-frisch.com\/wp-content\/uploads\/2021\/08\/Harald.png&#8221; quote_icon=&#8221;off&#8221; _builder_version=&#8221;4.18.1&#8243; _module_preset=&#8221;default&#8221; body_font_size=&#8221;16px&#8221; use_background_color=&#8221;off&#8221; background_layout=&#8221;dark&#8221; global_colors_info=&#8221;{}&#8221;]Zleci\u0142em agencji Frisch wyprodukowanie du\u017cego mebla w Chinach, a nast\u0119pnie sprowadzenie go do Niemiec. Przez ca\u0142y czas by\u0142a sprawna komunikacja mailowa! Bardzo szybkie i rzetelne odpowiedzi stale dodawa\u0142y mi otuchy, kt\u00f3ra jest niezb\u0119dna w takim przedsi\u0119wzi\u0119ciu. Przez ca\u0142y czas pomagano mi przebrn\u0105\u0107 przez biurokratyczny g\u0105szcz, nie zapomniano o \u017cadnym formularzu ani nie wype\u0142niono go b\u0142\u0119dnie. Bardzo godne pochwa\u0142y!<a href=\"&lt;div%20class=%22pe-richsnippets%22&gt;&nbsp;&lt;\/div&gt;%20&lt;script%20type=%22text\/javascript%22%20src=%22https:\/\/www.provenexpert.com\/widget\/richsnippet.js?u=1NUA0VwZ4RUZ5tmAi5zA4RaplNKAlWwZ&amp;v=2%22%20async&gt;&lt;\/script&gt;%20&lt;div%20style=%22text-align:%20justify;%22&gt;&lt;br%20\/&gt;\"><\/a><\/p>\n<div class=\"brow ratingBarMargin\">\n<div class=\"ratingBar\">\n<div class=\"brow\">\n<div class=\"pe-richsnippets\">&nbsp;<\/div>\n<p><script type=\"text\/javascript\" src=\"https:\/\/www.provenexpert.com\/widget\/richsnippet.js?u=1NUA0VwZ4RUZ5tmAi5zA4RaplNKAlWwZ&amp;v=2\" async=\"\"><\/script><\/p>\n<div style=\"text-align: justify;\"><\/p>\n<div class=\"col-lg-9 col-md-8 col-xs-10 mt20 mb20\">\n<div class=\"col-xs-12 surveyNameForRating\"><\/div>\n<\/div>\n<\/div>\n<\/div>\n<\/div>\n<\/div>\n<p>[\/et_pb_testimonial][\/et_pb_column][et_pb_column type=&#8221;1_2&#8243; _builder_version=&#8221;4.18.1&#8243; _module_preset=&#8221;default&#8221; global_colors_info=&#8221;{}&#8221;][et_pb_testimonial author=&#8221;Simone L.&#8221; portrait_url=&#8221;https:\/\/ag-frisch.com\/wp-content\/uploads\/2021\/08\/Harald.png&#8221; quote_icon=&#8221;off&#8221; _builder_version=&#8221;4.18.1&#8243; _module_preset=&#8221;default&#8221; body_font_size=&#8221;16px&#8221; use_background_color=&#8221;off&#8221; background_layout=&#8221;dark&#8221; global_colors_info=&#8221;{}&#8221;]<\/p>\n<p>Ca\u0142a g\u00f3ra. Nie ma nic lepszego ni\u017c to. Doradzanie i wdra\u017canie nie mo\u017ce by\u0107 zrobione lepiej. Jeste\u015bmy bardziej ni\u017c zadowoleni po kilku zam\u00f3wieniach z t\u0105 firm\u0105 i kontynuowa\u0107 nasz\u0105 wsp\u00f3\u0142prac\u0119.<\/p>\n<div class=\"brow ratingBarMargin\">\n<div class=\"ratingBar\">\n<div class=\"brow\">\n<div class=\"pe-richsnippets\"> <\/div>\n<p>\n<script type=\"text\/javascript\" src=\"https:\/\/www.provenexpert.com\/widget\/richsnippet.js?u=1NUA0VwZ4RUZ5tmAi5zA4RaplNKAlWwZ&amp;v=2\" async=\"\"><\/script>\n<\/p>\n<div style=\"text-align: justify;\">\n<p>&nbsp;<\/p>\n<div class=\"col-lg-9 col-md-8 col-xs-10 mt20 mb20\">\n<div class=\"col-xs-12 surveyNameForRating\"><\/div>\n<\/div>\n<\/div>\n<\/div>\n<\/div>\n<\/div>\n<p>[\/et_pb_testimonial][\/et_pb_column][\/et_pb_row][et_pb_row _builder_version=&#8221;4.16&#8243; background_size=&#8221;initial&#8221; background_position=&#8221;top_left&#8221; background_repeat=&#8221;repeat&#8221; custom_padding=&#8221;50px|0px|30px|0px&#8221; custom_css_main_element=&#8221;text-align: center;&#8221; global_colors_info=&#8221;{}&#8221;][et_pb_column type=&#8221;4_4&#8243; _builder_version=&#8221;4.16&#8243; custom_padding=&#8221;|||&#8221; global_colors_info=&#8221;{}&#8221; custom_padding__hover=&#8221;|||&#8221;][et_pb_button button_url=&#8221;https:\/\/www.provenexpert.com\/de-de\/agentur-frisch-international-consulting-gmbh-und-co-kg\/&#8221; button_text=&#8221;WI\u0118CEJ OCEN&#8221; button_alignment=&#8221;left&#8221; admin_label=&#8221;Testimonial Button&#8221; _builder_version=&#8221;4.16&#8243; custom_button=&#8221;on&#8221; button_text_size=&#8221;18px&#8221; button_text_color=&#8221;#ffffff&#8221; button_bg_color=&#8221;#6eba01&#8243; button_border_width=&#8221;2px&#8221; button_border_color=&#8221;#6eba01&#8243; button_border_radius=&#8221;0px&#8221; button_letter_spacing=&#8221;2px&#8221; button_font=&#8221;Montserrat|||on|&#8221; button_use_icon=&#8221;off&#8221; animation_style=&#8221;fold&#8221; animation_direction=&#8221;bottom&#8221; button_text_color_hover=&#8221;#ffffff&#8221; button_border_color_hover=&#8221;#ffffff&#8221; button_border_radius_hover=&#8221;0px&#8221; button_letter_spacing_hover=&#8221;2px&#8221; button_bg_color_hover=&#8221;rgba(255,255,255,0)&#8221; locked=&#8221;off&#8221; global_colors_info=&#8221;{}&#8221; button_text_size__hover_enabled=&#8221;off&#8221; button_one_text_size__hover_enabled=&#8221;off&#8221; button_two_text_size__hover_enabled=&#8221;off&#8221; button_text_color__hover_enabled=&#8221;on&#8221; button_text_color__hover=&#8221;#ffffff&#8221; button_one_text_color__hover_enabled=&#8221;off&#8221; button_two_text_color__hover_enabled=&#8221;off&#8221; button_border_width__hover_enabled=&#8221;off&#8221; button_one_border_width__hover_enabled=&#8221;off&#8221; button_two_border_width__hover_enabled=&#8221;off&#8221; button_border_color__hover_enabled=&#8221;on&#8221; button_border_color__hover=&#8221;#ffffff&#8221; button_one_border_color__hover_enabled=&#8221;off&#8221; button_two_border_color__hover_enabled=&#8221;off&#8221; button_border_radius__hover_enabled=&#8221;on&#8221; button_border_radius__hover=&#8221;0px&#8221; button_one_border_radius__hover_enabled=&#8221;off&#8221; button_two_border_radius__hover_enabled=&#8221;off&#8221; button_letter_spacing__hover_enabled=&#8221;on&#8221; button_letter_spacing__hover=&#8221;2px&#8221; button_one_letter_spacing__hover_enabled=&#8221;off&#8221; button_two_letter_spacing__hover_enabled=&#8221;off&#8221; button_bg_color__hover_enabled=&#8221;on&#8221; button_bg_color__hover=&#8221;rgba(255,255,255,0)&#8221; button_one_bg_color__hover_enabled=&#8221;off&#8221; button_two_bg_color__hover_enabled=&#8221;off&#8221;][\/et_pb_button][\/et_pb_column][\/et_pb_row][\/et_pb_section]<\/p>\n","protected":false},"excerpt":{"rendered":"<p>Dzi\u0119ki poradom Agencji Importu Chin Frisch uda Ci si\u0119 prowadzi\u0107 interesy z Chinami tak, jakby robili to profesjonali\u015bci. Serwis posprzeda\u017cowy i rozpatrywanie reklamacji Nawet po zakupie cz\u0119sto pojawiaj\u0105 si\u0119 pytania, np. o szczeg\u00f3\u0142y dotycz\u0105ce produkt\u00f3w. W najgorszym wypadku pojawiaj\u0105 si\u0119 te\u017c skargi, kt\u00f3re wymagaj\u0105 wyja\u015bnienia. Jeste\u015bmy zatem r\u00f3wnie\u017c Pa\u0144stwa kontaktem po dokonaniu zakupu. Serwis agencji [&hellip;]<\/p>\n","protected":false},"author":2,"featured_media":0,"parent":0,"menu_order":0,"comment_status":"closed","ping_status":"closed","template":"","meta":{"_et_pb_use_builder":"on","_et_pb_old_content":"","_et_gb_content_width":"","footnotes":""},"class_list":["post-9436","page","type-page","status-publish","hentry"],"yoast_head":"<!-- This site is optimized with the Yoast SEO plugin v27.2 - https:\/\/yoast.com\/product\/yoast-seo-wordpress\/ -->\n<title>Skarga do dostawcy w Chinach<\/title>\n<meta name=\"description\" content=\"Rozpatrywanie reklamacji wobec chi\u0144skiego dostawcy \u25bb Szybka pomoc \u2713 Najlepsze wyniki \u2713 \u25bb Skorzystaj z porady eksperta ju\u017c teraz!\" \/>\n<meta name=\"robots\" content=\"index, follow, max-snippet:-1, max-image-preview:large, max-video-preview:-1\" \/>\n<link rel=\"canonical\" href=\"https:\/\/ag-frisch.com\/pl\/skarga\/\" \/>\n<meta property=\"og:locale\" content=\"pl_PL\" \/>\n<meta property=\"og:type\" content=\"article\" \/>\n<meta property=\"og:title\" content=\"Skarga do dostawcy w Chinach\" \/>\n<meta property=\"og:description\" content=\"Rozpatrywanie reklamacji wobec chi\u0144skiego dostawcy \u25bb Szybka pomoc \u2713 Najlepsze wyniki \u2713 \u25bb Skorzystaj z porady eksperta ju\u017c teraz!\" \/>\n<meta property=\"og:url\" content=\"https:\/\/ag-frisch.com\/pl\/skarga\/\" \/>\n<meta property=\"og:site_name\" content=\"China Import Beratung f\u00fcr den Einkauf aus China\" \/>\n<meta property=\"article:publisher\" content=\"https:\/\/www.facebook.com\/China.Import\" \/>\n<meta property=\"article:modified_time\" content=\"2023-01-26T21:49:23+00:00\" \/>\n<meta name=\"twitter:card\" content=\"summary_large_image\" \/>\n<meta name=\"twitter:site\" content=\"@agenturfrisch\" \/>\n<meta name=\"twitter:label1\" content=\"Szacowany czas czytania\" \/>\n\t<meta name=\"twitter:data1\" content=\"8 minut\" \/>\n<script type=\"application\/ld+json\" class=\"yoast-schema-graph\">{\"@context\":\"https:\/\/schema.org\",\"@graph\":[{\"@type\":\"WebPage\",\"@id\":\"https:\/\/ag-frisch.com\/pl\/skarga\/\",\"url\":\"https:\/\/ag-frisch.com\/pl\/skarga\/\",\"name\":\"Skarga do dostawcy w Chinach\",\"isPartOf\":{\"@id\":\"https:\/\/ag-frisch.com\/de\/#website\"},\"datePublished\":\"2021-09-12T20:06:05+00:00\",\"dateModified\":\"2023-01-26T21:49:23+00:00\",\"description\":\"Rozpatrywanie reklamacji wobec chi\u0144skiego dostawcy \u25bb Szybka pomoc \u2713 Najlepsze wyniki \u2713 \u25bb Skorzystaj z porady eksperta ju\u017c teraz!\",\"breadcrumb\":{\"@id\":\"https:\/\/ag-frisch.com\/pl\/skarga\/#breadcrumb\"},\"inLanguage\":\"pl-PL\",\"potentialAction\":[{\"@type\":\"ReadAction\",\"target\":[\"https:\/\/ag-frisch.com\/pl\/skarga\/\"]}]},{\"@type\":\"BreadcrumbList\",\"@id\":\"https:\/\/ag-frisch.com\/pl\/skarga\/#breadcrumb\",\"itemListElement\":[{\"@type\":\"ListItem\",\"position\":1,\"name\":\"Startseite\",\"item\":\"https:\/\/ag-frisch.com\/de\/\"},{\"@type\":\"ListItem\",\"position\":2,\"name\":\"Skarga\"}]},{\"@type\":\"WebSite\",\"@id\":\"https:\/\/ag-frisch.com\/de\/#website\",\"url\":\"https:\/\/ag-frisch.com\/de\/\",\"name\":\"China Import Beratung f\u00fcr den Einkauf aus China\",\"description\":\"China Import &amp; Export Beratung - Der Dienstleister Ihres Vertrauens f\u00fcr Ihren China Import\",\"publisher\":{\"@id\":\"https:\/\/ag-frisch.com\/de\/#organization\"},\"potentialAction\":[{\"@type\":\"SearchAction\",\"target\":{\"@type\":\"EntryPoint\",\"urlTemplate\":\"https:\/\/ag-frisch.com\/de\/?s={search_term_string}\"},\"query-input\":{\"@type\":\"PropertyValueSpecification\",\"valueRequired\":true,\"valueName\":\"search_term_string\"}}],\"inLanguage\":\"pl-PL\"},{\"@type\":\"Organization\",\"@id\":\"https:\/\/ag-frisch.com\/de\/#organization\",\"name\":\"Agentur Frisch International Consulting GmbH & Co. KG\",\"url\":\"https:\/\/ag-frisch.com\/de\/\",\"logo\":{\"@type\":\"ImageObject\",\"inLanguage\":\"pl-PL\",\"@id\":\"https:\/\/ag-frisch.com\/de\/#\/schema\/logo\/image\/\",\"url\":\"https:\/\/ag-frisch.com\/wp-content\/uploads\/2021\/08\/ag_logo_rgb_300_small.png\",\"contentUrl\":\"https:\/\/ag-frisch.com\/wp-content\/uploads\/2021\/08\/ag_logo_rgb_300_small.png\",\"width\":153,\"height\":102,\"caption\":\"Agentur Frisch International Consulting GmbH & Co. KG\"},\"image\":{\"@id\":\"https:\/\/ag-frisch.com\/de\/#\/schema\/logo\/image\/\"},\"sameAs\":[\"https:\/\/www.facebook.com\/China.Import\",\"https:\/\/x.com\/agenturfrisch\"]}]}<\/script>\n<!-- \/ Yoast SEO plugin. -->","yoast_head_json":{"title":"Skarga do dostawcy w Chinach","description":"Rozpatrywanie reklamacji wobec chi\u0144skiego dostawcy \u25bb Szybka pomoc \u2713 Najlepsze wyniki \u2713 \u25bb Skorzystaj z porady eksperta ju\u017c teraz!","robots":{"index":"index","follow":"follow","max-snippet":"max-snippet:-1","max-image-preview":"max-image-preview:large","max-video-preview":"max-video-preview:-1"},"canonical":"https:\/\/ag-frisch.com\/pl\/skarga\/","og_locale":"pl_PL","og_type":"article","og_title":"Skarga do dostawcy w Chinach","og_description":"Rozpatrywanie reklamacji wobec chi\u0144skiego dostawcy \u25bb Szybka pomoc \u2713 Najlepsze wyniki \u2713 \u25bb Skorzystaj z porady eksperta ju\u017c teraz!","og_url":"https:\/\/ag-frisch.com\/pl\/skarga\/","og_site_name":"China Import Beratung f\u00fcr den Einkauf aus China","article_publisher":"https:\/\/www.facebook.com\/China.Import","article_modified_time":"2023-01-26T21:49:23+00:00","twitter_card":"summary_large_image","twitter_site":"@agenturfrisch","twitter_misc":{"Szacowany czas czytania":"8 minut"},"schema":{"@context":"https:\/\/schema.org","@graph":[{"@type":"WebPage","@id":"https:\/\/ag-frisch.com\/pl\/skarga\/","url":"https:\/\/ag-frisch.com\/pl\/skarga\/","name":"Skarga do dostawcy w Chinach","isPartOf":{"@id":"https:\/\/ag-frisch.com\/de\/#website"},"datePublished":"2021-09-12T20:06:05+00:00","dateModified":"2023-01-26T21:49:23+00:00","description":"Rozpatrywanie reklamacji wobec chi\u0144skiego dostawcy \u25bb Szybka pomoc \u2713 Najlepsze wyniki \u2713 \u25bb Skorzystaj z porady eksperta ju\u017c teraz!","breadcrumb":{"@id":"https:\/\/ag-frisch.com\/pl\/skarga\/#breadcrumb"},"inLanguage":"pl-PL","potentialAction":[{"@type":"ReadAction","target":["https:\/\/ag-frisch.com\/pl\/skarga\/"]}]},{"@type":"BreadcrumbList","@id":"https:\/\/ag-frisch.com\/pl\/skarga\/#breadcrumb","itemListElement":[{"@type":"ListItem","position":1,"name":"Startseite","item":"https:\/\/ag-frisch.com\/de\/"},{"@type":"ListItem","position":2,"name":"Skarga"}]},{"@type":"WebSite","@id":"https:\/\/ag-frisch.com\/de\/#website","url":"https:\/\/ag-frisch.com\/de\/","name":"China Import Beratung f\u00fcr den Einkauf aus China","description":"China Import &amp; Export Beratung - Der Dienstleister Ihres Vertrauens f\u00fcr Ihren China Import","publisher":{"@id":"https:\/\/ag-frisch.com\/de\/#organization"},"potentialAction":[{"@type":"SearchAction","target":{"@type":"EntryPoint","urlTemplate":"https:\/\/ag-frisch.com\/de\/?s={search_term_string}"},"query-input":{"@type":"PropertyValueSpecification","valueRequired":true,"valueName":"search_term_string"}}],"inLanguage":"pl-PL"},{"@type":"Organization","@id":"https:\/\/ag-frisch.com\/de\/#organization","name":"Agentur Frisch International Consulting GmbH & Co. KG","url":"https:\/\/ag-frisch.com\/de\/","logo":{"@type":"ImageObject","inLanguage":"pl-PL","@id":"https:\/\/ag-frisch.com\/de\/#\/schema\/logo\/image\/","url":"https:\/\/ag-frisch.com\/wp-content\/uploads\/2021\/08\/ag_logo_rgb_300_small.png","contentUrl":"https:\/\/ag-frisch.com\/wp-content\/uploads\/2021\/08\/ag_logo_rgb_300_small.png","width":153,"height":102,"caption":"Agentur Frisch International Consulting GmbH & Co. KG"},"image":{"@id":"https:\/\/ag-frisch.com\/de\/#\/schema\/logo\/image\/"},"sameAs":["https:\/\/www.facebook.com\/China.Import","https:\/\/x.com\/agenturfrisch"]}]}},"_links":{"self":[{"href":"https:\/\/ag-frisch.com\/pl\/wp-json\/wp\/v2\/pages\/9436","targetHints":{"allow":["GET"]}}],"collection":[{"href":"https:\/\/ag-frisch.com\/pl\/wp-json\/wp\/v2\/pages"}],"about":[{"href":"https:\/\/ag-frisch.com\/pl\/wp-json\/wp\/v2\/types\/page"}],"author":[{"embeddable":true,"href":"https:\/\/ag-frisch.com\/pl\/wp-json\/wp\/v2\/users\/2"}],"replies":[{"embeddable":true,"href":"https:\/\/ag-frisch.com\/pl\/wp-json\/wp\/v2\/comments?post=9436"}],"version-history":[{"count":0,"href":"https:\/\/ag-frisch.com\/pl\/wp-json\/wp\/v2\/pages\/9436\/revisions"}],"wp:attachment":[{"href":"https:\/\/ag-frisch.com\/pl\/wp-json\/wp\/v2\/media?parent=9436"}],"curies":[{"name":"wp","href":"https:\/\/api.w.org\/{rel}","templated":true}]}}