{"id":9441,"date":"2021-10-10T17:17:41","date_gmt":"2021-10-10T15:17:41","guid":{"rendered":"https:\/\/ag-frisch.com\/indie-przywoz\/"},"modified":"2023-01-26T22:49:20","modified_gmt":"2023-01-26T21:49:20","slug":"indie-przywoz","status":"publish","type":"page","link":"https:\/\/ag-frisch.com\/pl\/strony-informacyjne\/indie-przywoz\/","title":{"rendered":"Indie Przyw\u00f3z"},"content":{"rendered":"<p>[et_pb_section fb_built=&#8221;1&#8243; _builder_version=&#8221;4.16&#8243; _module_preset=&#8221;default&#8221; global_colors_info=&#8221;{}&#8221;][et_pb_row _builder_version=&#8221;4.16&#8243; _module_preset=&#8221;default&#8221; global_colors_info=&#8221;{}&#8221;][et_pb_column type=&#8221;4_4&#8243; _builder_version=&#8221;4.16&#8243; _module_preset=&#8221;default&#8221; global_colors_info=&#8221;{}&#8221;][et_pb_cta title=&#8221;Porady dotycz\u0105ce przywozu z Indii&#8221; button_url=&#8221;https:\/\/ag-frisch.com\/pl\/kontakt\/&#8221; button_text=&#8221;Zarezerwuj konsultacj\u0119 ju\u017c teraz&#8221; _builder_version=&#8221;4.18.1&#8243; _module_preset=&#8221;default&#8221; global_colors_info=&#8221;{}&#8221;]<\/p>\n<p>Dzi\u0119ki poradom Agencji Importowej Indie Frisch uda Ci si\u0119 prowadzi\u0107 interesy z Indiami tak, jakby robili to profesjonali\u015bci.<\/p>\n<p>[\/et_pb_cta][et_pb_text _builder_version=&#8221;4.18.1&#8243; _module_preset=&#8221;default&#8221; global_colors_info=&#8221;{}&#8221;]<\/p>\n<h1>Import z Indii: Nasze us\u0142ugi importowe z Indii dla Ciebie!<\/h1>\n<div class=\"img\">Tymczasem ceny w Chinach s\u0105 coraz dro\u017csze, a Indie s\u0105 ju\u017c postrzegane jako kraj eksportowy przysz\u0142o\u015bci. \u015arednia wieku 24 lata pokazuje, jak wielu m\u0142odych ludzi mieszka w tym kraju, a to, co czyni Indie szczeg\u00f3lnie atrakcyjnym krajem produkcyjnym, to fakt, \u017ce prawie wszyscy w Indiach m\u00f3wi\u0105 po angielsku.<\/div>\n<p>&nbsp;<\/p>\n<h2>Republika Indii<\/h2>\n<p>Republika Indii po\u0142o\u017cona jest w Azji Po\u0142udniowej i ma powierzchni\u0119 prawie 3,3 mln m2 oraz ponad 1,2 mld mieszka\u0144c\u00f3w, co czyni j\u0105 najludniejszym demokratycznym pa\u0144stwem na ziemi. Nie wiadomo te\u017c, czy populacja ta nie przekracza ju\u017c populacji Chi\u0144czyk\u00f3w. J\u0119zykiem urz\u0119dowym opr\u00f3cz hindi jest angielski. Stolic\u0105 jest New Delhi.<\/p>\n<p>&nbsp;<\/p>\n<h2>Rolnictwo<\/h2>\n<p>Do g\u0142\u00f3wnych towar\u00f3w rolnych w Indiach nale\u017c\u0105 zbo\u017ca, ry\u017c, ro\u015bliny str\u0105czkowe, ziemniaki, cebula, tyto\u0144, kawa, herbata i przyprawy.<\/p>\n<p>&nbsp;<\/p>\n<h2>G\u00f3rnictwo<\/h2>\n<p>G\u0142\u00f3wnymi towarami produkcyjnymi w g\u00f3rnictwie w Indiach s\u0105 m.in. \u017celazo, ruda manganu, w\u0119giel kamienny, boksyt i chrom.<\/p>\n<p>&nbsp;<\/p>\n<h2>Bran\u017ca<\/h2>\n<p>Do g\u0142\u00f3wnych d\u00f3br przemys\u0142owych produkowanych w Indiach nale\u017c\u0105 tekstylia, stal, maszyny, produkty chemiczne, sk\u00f3ra i farmaceutyki.<\/p>\n<p>&nbsp;<\/p>\n<h2>Towary przywo\u017cone z Indii<\/h2>\n<p>Najwi\u0119kszy udzia\u0142 w eksporcie z Indii maj\u0105: Surowce i produkty gotowe, tekstylia, odzie\u017c, kamienie szlachetne i bi\u017cuteria, chemikalia, produkty naftowe, jak r\u00f3wnie\u017c produkty sk\u00f3rzane i oprogramowanie.<\/p>\n<div> <\/div>\n<div class=\"boxads\">Importowi z Indii sprzyja fakt, \u017ce w Indiach prawie wszyscy m\u00f3wi\u0105 po angielsku. W Indiach r\u00f3wnie\u017c ochrona w\u0142asno\u015bci intelektualnej jest traktowana znacznie powa\u017cniej ni\u017c w Chinach. W Indiach problem podrabianych marek prawie nie istnieje. Ponadto na produkty z Chin nie na\u0142o\u017cono wielu ce\u0142 antydumpingowych. Wad\u0105 mo\u017ce by\u0107 s\u0142aba infrastruktura w Indiach i korupcja, kt\u00f3ra mo\u017ce wp\u0119dzi\u0107 Ci\u0119 w du\u017ce k\u0142opoty.<\/div>\n<p>[\/et_pb_text][\/et_pb_column][\/et_pb_row][\/et_pb_section][et_pb_section fb_built=&#8221;1&#8243; admin_label=&#8221;Testimonials&#8221; _builder_version=&#8221;4.16&#8243; use_background_color_gradient=&#8221;on&#8221; background_color_gradient_stops=&#8221;rgba(0,106,156,0.85) 0%|rgba(0,106,156,0.85) 100%&#8221; background_color_gradient_start=&#8221;rgba(0,106,156,0.85)&#8221; background_color_gradient_end=&#8221;rgba(0,106,156,0.85)&#8221; custom_padding=&#8221;90px||60px|&#8221; animation_style=&#8221;fold&#8221; animation_direction=&#8221;bottom&#8221; animation_intensity_fold=&#8221;4%&#8221; global_colors_info=&#8221;{}&#8221;][et_pb_row _builder_version=&#8221;4.16&#8243; background_size=&#8221;initial&#8221; background_position=&#8221;top_left&#8221; background_repeat=&#8221;repeat&#8221; custom_width_px=&#8221;710px&#8221; locked=&#8221;off&#8221; global_colors_info=&#8221;{}&#8221;][et_pb_column type=&#8221;4_4&#8243; _builder_version=&#8221;4.16&#8243; background_position=&#8221;top_left&#8221; custom_padding=&#8221;|||&#8221; global_colors_info=&#8221;{}&#8221; custom_padding__hover=&#8221;|||&#8221;][et_pb_text admin_label=&#8221;Testimonials Section Title&#8221; _builder_version=&#8221;4.16&#8243; header_font=&#8221;Montserrat||||&#8221; header_font_size=&#8221;36px&#8221; background_size=&#8221;initial&#8221; background_position=&#8221;top_left&#8221; background_repeat=&#8221;repeat&#8221; text_orientation=&#8221;center&#8221; background_layout=&#8221;dark&#8221; max_width=&#8221;710px&#8221; module_alignment=&#8221;center&#8221; animation_style=&#8221;fold&#8221; animation_direction=&#8221;bottom&#8221; animation_intensity_fold=&#8221;20%&#8221; global_colors_info=&#8221;{}&#8221;]<\/p>\n<h1>Ponad 5000 zadowolonych klient\u00f3w.<\/h1>\n<p>&nbsp;<\/p>\n<p>[\/et_pb_text][et_pb_divider color=&#8221;#ffffff&#8221; divider_weight=&#8221;3px&#8221; disabled_on=&#8221;off|off|off&#8221; _builder_version=&#8221;4.16&#8243; background_color_gradient_direction=&#8221;90deg&#8221; max_width=&#8221;100px&#8221; module_alignment=&#8221;center&#8221; height=&#8221;5px&#8221; custom_margin=&#8221;||20px|&#8221; custom_padding=&#8221;||20px|&#8221; animation_style=&#8221;slide&#8221; animation_direction=&#8221;bottom&#8221; saved_tabs=&#8221;all&#8221; locked=&#8221;off&#8221; global_colors_info=&#8221;{}&#8221;][\/et_pb_divider][\/et_pb_column][\/et_pb_row][et_pb_row column_structure=&#8221;1_2,1_2&#8243; _builder_version=&#8221;4.18.1&#8243; _module_preset=&#8221;default&#8221; global_colors_info=&#8221;{}&#8221;][et_pb_column type=&#8221;1_2&#8243; _builder_version=&#8221;4.18.1&#8243; _module_preset=&#8221;default&#8221; global_colors_info=&#8221;{}&#8221;][et_pb_testimonial author=&#8221;Marco&#8221; portrait_url=&#8221;https:\/\/ag-frisch.com\/wp-content\/uploads\/2021\/08\/Harald.png&#8221; quote_icon=&#8221;off&#8221; _builder_version=&#8221;4.18.1&#8243; _module_preset=&#8221;default&#8221; body_font_size=&#8221;16px&#8221; use_background_color=&#8221;off&#8221; background_layout=&#8221;dark&#8221; global_colors_info=&#8221;{}&#8221;]Zleci\u0142em agencji Frisch wyprodukowanie du\u017cego mebla w Chinach, a nast\u0119pnie sprowadzenie go do Niemiec. Przez ca\u0142y czas by\u0142a sprawna komunikacja mailowa! Bardzo szybkie i rzetelne odpowiedzi stale dodawa\u0142y mi otuchy, kt\u00f3ra jest niezb\u0119dna w takim przedsi\u0119wzi\u0119ciu. Przez ca\u0142y czas pomagano mi przebrn\u0105\u0107 przez biurokratyczny g\u0105szcz, nie zapomniano o \u017cadnym formularzu ani nie wype\u0142niono go b\u0142\u0119dnie. Bardzo godne pochwa\u0142y!<a href=\"&lt;div%20class=%22pe-richsnippets%22&gt;&nbsp;&lt;\/div&gt;%20&lt;script%20type=%22text\/javascript%22%20src=%22https:\/\/www.provenexpert.com\/widget\/richsnippet.js?u=1NUA0VwZ4RUZ5tmAi5zA4RaplNKAlWwZ&amp;v=2%22%20async&gt;&lt;\/script&gt;%20&lt;div%20style=%22text-align:%20justify;%22&gt;&lt;br%20\/&gt;\"><\/a><\/p>\n<div class=\"brow ratingBarMargin\">\n<div class=\"ratingBar\">\n<div class=\"brow\">\n<div class=\"pe-richsnippets\">&nbsp;<\/div>\n<p><script type=\"text\/javascript\" src=\"https:\/\/www.provenexpert.com\/widget\/richsnippet.js?u=1NUA0VwZ4RUZ5tmAi5zA4RaplNKAlWwZ&amp;v=2\" async=\"\"><\/script><\/p>\n<div style=\"text-align: justify;\"><\/p>\n<div class=\"col-lg-9 col-md-8 col-xs-10 mt20 mb20\">\n<div class=\"col-xs-12 surveyNameForRating\"><\/div>\n<\/div>\n<\/div>\n<\/div>\n<\/div>\n<\/div>\n<p>[\/et_pb_testimonial][\/et_pb_column][et_pb_column type=&#8221;1_2&#8243; _builder_version=&#8221;4.18.1&#8243; _module_preset=&#8221;default&#8221; global_colors_info=&#8221;{}&#8221;][et_pb_testimonial author=&#8221;Simone L.&#8221; portrait_url=&#8221;https:\/\/ag-frisch.com\/wp-content\/uploads\/2021\/08\/Harald.png&#8221; quote_icon=&#8221;off&#8221; _builder_version=&#8221;4.18.1&#8243; _module_preset=&#8221;default&#8221; body_font_size=&#8221;16px&#8221; use_background_color=&#8221;off&#8221; background_layout=&#8221;dark&#8221; global_colors_info=&#8221;{}&#8221;]<\/p>\n<p>Ca\u0142a g\u00f3ra. Nie ma nic lepszego ni\u017c to. Doradzanie i wdra\u017canie nie mo\u017ce by\u0107 zrobione lepiej. Jeste\u015bmy bardziej ni\u017c zadowoleni po kilku zam\u00f3wieniach z t\u0105 firm\u0105 i kontynuowa\u0107 nasz\u0105 wsp\u00f3\u0142prac\u0119.<\/p>\n<div class=\"brow ratingBarMargin\">\n<div class=\"ratingBar\">\n<div class=\"brow\">\n<div class=\"pe-richsnippets\"> <\/div>\n<p>\n<script type=\"text\/javascript\" src=\"https:\/\/www.provenexpert.com\/widget\/richsnippet.js?u=1NUA0VwZ4RUZ5tmAi5zA4RaplNKAlWwZ&amp;v=2\" async=\"\"><\/script>\n<\/p>\n<div style=\"text-align: justify;\">\n<p>&nbsp;<\/p>\n<div class=\"col-lg-9 col-md-8 col-xs-10 mt20 mb20\">\n<div class=\"col-xs-12 surveyNameForRating\"><\/div>\n<\/div>\n<\/div>\n<\/div>\n<\/div>\n<\/div>\n<p>[\/et_pb_testimonial][\/et_pb_column][\/et_pb_row][et_pb_row _builder_version=&#8221;4.16&#8243; background_size=&#8221;initial&#8221; background_position=&#8221;top_left&#8221; background_repeat=&#8221;repeat&#8221; custom_padding=&#8221;50px|0px|30px|0px&#8221; custom_css_main_element=&#8221;text-align: center;&#8221; global_colors_info=&#8221;{}&#8221;][et_pb_column type=&#8221;4_4&#8243; _builder_version=&#8221;4.16&#8243; custom_padding=&#8221;|||&#8221; global_colors_info=&#8221;{}&#8221; custom_padding__hover=&#8221;|||&#8221;][et_pb_button button_url=&#8221;https:\/\/www.provenexpert.com\/de-de\/agentur-frisch-international-consulting-gmbh-und-co-kg\/&#8221; button_text=&#8221;WI\u0118CEJ OCEN&#8221; button_alignment=&#8221;left&#8221; admin_label=&#8221;Testimonial Button&#8221; _builder_version=&#8221;4.16&#8243; custom_button=&#8221;on&#8221; button_text_size=&#8221;18px&#8221; button_text_color=&#8221;#ffffff&#8221; button_bg_color=&#8221;#6eba01&#8243; button_border_width=&#8221;2px&#8221; button_border_color=&#8221;#6eba01&#8243; button_border_radius=&#8221;0px&#8221; button_letter_spacing=&#8221;2px&#8221; button_font=&#8221;Montserrat|||on|&#8221; button_use_icon=&#8221;off&#8221; animation_style=&#8221;fold&#8221; animation_direction=&#8221;bottom&#8221; button_text_color_hover=&#8221;#ffffff&#8221; button_border_color_hover=&#8221;#ffffff&#8221; button_border_radius_hover=&#8221;0px&#8221; button_letter_spacing_hover=&#8221;2px&#8221; button_bg_color_hover=&#8221;rgba(255,255,255,0)&#8221; locked=&#8221;off&#8221; global_colors_info=&#8221;{}&#8221; button_text_size__hover_enabled=&#8221;off&#8221; button_one_text_size__hover_enabled=&#8221;off&#8221; button_two_text_size__hover_enabled=&#8221;off&#8221; button_text_color__hover_enabled=&#8221;on&#8221; button_text_color__hover=&#8221;#ffffff&#8221; button_one_text_color__hover_enabled=&#8221;off&#8221; button_two_text_color__hover_enabled=&#8221;off&#8221; button_border_width__hover_enabled=&#8221;off&#8221; button_one_border_width__hover_enabled=&#8221;off&#8221; button_two_border_width__hover_enabled=&#8221;off&#8221; button_border_color__hover_enabled=&#8221;on&#8221; button_border_color__hover=&#8221;#ffffff&#8221; button_one_border_color__hover_enabled=&#8221;off&#8221; button_two_border_color__hover_enabled=&#8221;off&#8221; button_border_radius__hover_enabled=&#8221;on&#8221; button_border_radius__hover=&#8221;0px&#8221; button_one_border_radius__hover_enabled=&#8221;off&#8221; button_two_border_radius__hover_enabled=&#8221;off&#8221; button_letter_spacing__hover_enabled=&#8221;on&#8221; button_letter_spacing__hover=&#8221;2px&#8221; button_one_letter_spacing__hover_enabled=&#8221;off&#8221; button_two_letter_spacing__hover_enabled=&#8221;off&#8221; button_bg_color__hover_enabled=&#8221;on&#8221; button_bg_color__hover=&#8221;rgba(255,255,255,0)&#8221; button_one_bg_color__hover_enabled=&#8221;off&#8221; button_two_bg_color__hover_enabled=&#8221;off&#8221;][\/et_pb_button][\/et_pb_column][\/et_pb_row][\/et_pb_section]<\/p>\n","protected":false},"excerpt":{"rendered":"<p>Dzi\u0119ki poradom Agencji Importowej Indie Frisch uda Ci si\u0119 prowadzi\u0107 interesy z Indiami tak, jakby robili to profesjonali\u015bci.Import z Indii: Nasze us\u0142ugi importowe z Indii dla Ciebie! Tymczasem ceny w Chinach s\u0105 coraz dro\u017csze, a Indie s\u0105 ju\u017c postrzegane jako kraj eksportowy przysz\u0142o\u015bci. \u015arednia wieku 24 lata pokazuje, jak wielu m\u0142odych ludzi mieszka w tym [&hellip;]<\/p>\n","protected":false},"author":2,"featured_media":0,"parent":8505,"menu_order":0,"comment_status":"closed","ping_status":"closed","template":"","meta":{"_et_pb_use_builder":"on","_et_pb_old_content":"","_et_gb_content_width":"","footnotes":""},"class_list":["post-9441","page","type-page","status-publish","hentry"],"yoast_head":"<!-- This site is optimized with the Yoast SEO plugin v27.4 - https:\/\/yoast.com\/product\/yoast-seo-wordpress\/ -->\n<title>Import z Indii | Us\u0142ugi importowe eksperta z Indii<\/title>\n<meta name=\"description\" content=\"Indie Import \u25ba Zapewniamy sprawny import z Indii \u2714 Surowce \u2714 Dywany z Indii\u2714 Towary przemys\u0142owe \u25ba Uzyskaj porad\u0119 teraz!\" \/>\n<meta name=\"robots\" content=\"index, follow, max-snippet:-1, max-image-preview:large, max-video-preview:-1\" \/>\n<link rel=\"canonical\" href=\"https:\/\/ag-frisch.com\/pl\/indie-przywoz\/\" \/>\n<meta property=\"og:locale\" content=\"pl_PL\" \/>\n<meta property=\"og:type\" content=\"article\" \/>\n<meta property=\"og:title\" content=\"Import z Indii | Us\u0142ugi importowe eksperta z Indii\" \/>\n<meta property=\"og:description\" content=\"Indie Import \u25ba Zapewniamy sprawny import z Indii \u2714 Surowce \u2714 Dywany z Indii\u2714 Towary przemys\u0142owe \u25ba Uzyskaj porad\u0119 teraz!\" \/>\n<meta property=\"og:url\" content=\"https:\/\/ag-frisch.com\/pl\/indie-przywoz\/\" \/>\n<meta property=\"og:site_name\" content=\"China Import Beratung f\u00fcr den Einkauf aus China\" \/>\n<meta property=\"article:publisher\" content=\"https:\/\/www.facebook.com\/China.Import\" \/>\n<meta property=\"article:modified_time\" content=\"2023-01-26T21:49:20+00:00\" \/>\n<meta name=\"twitter:card\" content=\"summary_large_image\" \/>\n<meta name=\"twitter:site\" content=\"@agenturfrisch\" \/>\n<meta name=\"twitter:label1\" content=\"Szacowany czas czytania\" \/>\n\t<meta name=\"twitter:data1\" content=\"6 minut\" \/>\n<script type=\"application\/ld+json\" class=\"yoast-schema-graph\">{\"@context\":\"https:\\\/\\\/schema.org\",\"@graph\":[{\"@type\":\"WebPage\",\"@id\":\"https:\\\/\\\/ag-frisch.com\\\/pl\\\/indie-przywoz\\\/\",\"url\":\"https:\\\/\\\/ag-frisch.com\\\/pl\\\/indie-przywoz\\\/\",\"name\":\"Import z Indii | Us\u0142ugi importowe eksperta z Indii\",\"isPartOf\":{\"@id\":\"https:\\\/\\\/ag-frisch.com\\\/de\\\/#website\"},\"datePublished\":\"2021-10-10T15:17:41+00:00\",\"dateModified\":\"2023-01-26T21:49:20+00:00\",\"description\":\"Indie Import \u25ba Zapewniamy sprawny import z Indii \u2714 Surowce \u2714 Dywany z Indii\u2714 Towary przemys\u0142owe \u25ba Uzyskaj porad\u0119 teraz!\",\"breadcrumb\":{\"@id\":\"https:\\\/\\\/ag-frisch.com\\\/pl\\\/indie-przywoz\\\/#breadcrumb\"},\"inLanguage\":\"pl-PL\",\"potentialAction\":[{\"@type\":\"ReadAction\",\"target\":[\"https:\\\/\\\/ag-frisch.com\\\/pl\\\/indie-przywoz\\\/\"]}]},{\"@type\":\"BreadcrumbList\",\"@id\":\"https:\\\/\\\/ag-frisch.com\\\/pl\\\/indie-przywoz\\\/#breadcrumb\",\"itemListElement\":[{\"@type\":\"ListItem\",\"position\":1,\"name\":\"Startseite\",\"item\":\"https:\\\/\\\/ag-frisch.com\\\/de\\\/\"},{\"@type\":\"ListItem\",\"position\":2,\"name\":\"Indie Przyw\u00f3z\"}]},{\"@type\":\"WebSite\",\"@id\":\"https:\\\/\\\/ag-frisch.com\\\/de\\\/#website\",\"url\":\"https:\\\/\\\/ag-frisch.com\\\/de\\\/\",\"name\":\"China Import Beratung f\u00fcr den Einkauf aus China\",\"description\":\"China Import &amp; Export Beratung - Der Dienstleister Ihres Vertrauens f\u00fcr Ihren China Import\",\"publisher\":{\"@id\":\"https:\\\/\\\/ag-frisch.com\\\/de\\\/#organization\"},\"potentialAction\":[{\"@type\":\"SearchAction\",\"target\":{\"@type\":\"EntryPoint\",\"urlTemplate\":\"https:\\\/\\\/ag-frisch.com\\\/de\\\/?s={search_term_string}\"},\"query-input\":{\"@type\":\"PropertyValueSpecification\",\"valueRequired\":true,\"valueName\":\"search_term_string\"}}],\"inLanguage\":\"pl-PL\"},{\"@type\":\"Organization\",\"@id\":\"https:\\\/\\\/ag-frisch.com\\\/de\\\/#organization\",\"name\":\"Agentur Frisch International Consulting GmbH & Co. KG\",\"url\":\"https:\\\/\\\/ag-frisch.com\\\/de\\\/\",\"logo\":{\"@type\":\"ImageObject\",\"inLanguage\":\"pl-PL\",\"@id\":\"https:\\\/\\\/ag-frisch.com\\\/de\\\/#\\\/schema\\\/logo\\\/image\\\/\",\"url\":\"https:\\\/\\\/ag-frisch.com\\\/wp-content\\\/uploads\\\/2021\\\/08\\\/ag_logo_rgb_300_small.png\",\"contentUrl\":\"https:\\\/\\\/ag-frisch.com\\\/wp-content\\\/uploads\\\/2021\\\/08\\\/ag_logo_rgb_300_small.png\",\"width\":153,\"height\":102,\"caption\":\"Agentur Frisch International Consulting GmbH & Co. KG\"},\"image\":{\"@id\":\"https:\\\/\\\/ag-frisch.com\\\/de\\\/#\\\/schema\\\/logo\\\/image\\\/\"},\"sameAs\":[\"https:\\\/\\\/www.facebook.com\\\/China.Import\",\"https:\\\/\\\/x.com\\\/agenturfrisch\"]}]}<\/script>\n<!-- \/ Yoast SEO plugin. -->","yoast_head_json":{"title":"Import z Indii | Us\u0142ugi importowe eksperta z Indii","description":"Indie Import \u25ba Zapewniamy sprawny import z Indii \u2714 Surowce \u2714 Dywany z Indii\u2714 Towary przemys\u0142owe \u25ba Uzyskaj porad\u0119 teraz!","robots":{"index":"index","follow":"follow","max-snippet":"max-snippet:-1","max-image-preview":"max-image-preview:large","max-video-preview":"max-video-preview:-1"},"canonical":"https:\/\/ag-frisch.com\/pl\/indie-przywoz\/","og_locale":"pl_PL","og_type":"article","og_title":"Import z Indii | Us\u0142ugi importowe eksperta z Indii","og_description":"Indie Import \u25ba Zapewniamy sprawny import z Indii \u2714 Surowce \u2714 Dywany z Indii\u2714 Towary przemys\u0142owe \u25ba Uzyskaj porad\u0119 teraz!","og_url":"https:\/\/ag-frisch.com\/pl\/indie-przywoz\/","og_site_name":"China Import Beratung f\u00fcr den Einkauf aus China","article_publisher":"https:\/\/www.facebook.com\/China.Import","article_modified_time":"2023-01-26T21:49:20+00:00","twitter_card":"summary_large_image","twitter_site":"@agenturfrisch","twitter_misc":{"Szacowany czas czytania":"6 minut"},"schema":{"@context":"https:\/\/schema.org","@graph":[{"@type":"WebPage","@id":"https:\/\/ag-frisch.com\/pl\/indie-przywoz\/","url":"https:\/\/ag-frisch.com\/pl\/indie-przywoz\/","name":"Import z Indii | Us\u0142ugi importowe eksperta z Indii","isPartOf":{"@id":"https:\/\/ag-frisch.com\/de\/#website"},"datePublished":"2021-10-10T15:17:41+00:00","dateModified":"2023-01-26T21:49:20+00:00","description":"Indie Import \u25ba Zapewniamy sprawny import z Indii \u2714 Surowce \u2714 Dywany z Indii\u2714 Towary przemys\u0142owe \u25ba Uzyskaj porad\u0119 teraz!","breadcrumb":{"@id":"https:\/\/ag-frisch.com\/pl\/indie-przywoz\/#breadcrumb"},"inLanguage":"pl-PL","potentialAction":[{"@type":"ReadAction","target":["https:\/\/ag-frisch.com\/pl\/indie-przywoz\/"]}]},{"@type":"BreadcrumbList","@id":"https:\/\/ag-frisch.com\/pl\/indie-przywoz\/#breadcrumb","itemListElement":[{"@type":"ListItem","position":1,"name":"Startseite","item":"https:\/\/ag-frisch.com\/de\/"},{"@type":"ListItem","position":2,"name":"Indie Przyw\u00f3z"}]},{"@type":"WebSite","@id":"https:\/\/ag-frisch.com\/de\/#website","url":"https:\/\/ag-frisch.com\/de\/","name":"China Import Beratung f\u00fcr den Einkauf aus China","description":"China Import &amp; Export Beratung - Der Dienstleister Ihres Vertrauens f\u00fcr Ihren China Import","publisher":{"@id":"https:\/\/ag-frisch.com\/de\/#organization"},"potentialAction":[{"@type":"SearchAction","target":{"@type":"EntryPoint","urlTemplate":"https:\/\/ag-frisch.com\/de\/?s={search_term_string}"},"query-input":{"@type":"PropertyValueSpecification","valueRequired":true,"valueName":"search_term_string"}}],"inLanguage":"pl-PL"},{"@type":"Organization","@id":"https:\/\/ag-frisch.com\/de\/#organization","name":"Agentur Frisch International Consulting GmbH & Co. KG","url":"https:\/\/ag-frisch.com\/de\/","logo":{"@type":"ImageObject","inLanguage":"pl-PL","@id":"https:\/\/ag-frisch.com\/de\/#\/schema\/logo\/image\/","url":"https:\/\/ag-frisch.com\/wp-content\/uploads\/2021\/08\/ag_logo_rgb_300_small.png","contentUrl":"https:\/\/ag-frisch.com\/wp-content\/uploads\/2021\/08\/ag_logo_rgb_300_small.png","width":153,"height":102,"caption":"Agentur Frisch International Consulting GmbH & Co. KG"},"image":{"@id":"https:\/\/ag-frisch.com\/de\/#\/schema\/logo\/image\/"},"sameAs":["https:\/\/www.facebook.com\/China.Import","https:\/\/x.com\/agenturfrisch"]}]}},"_links":{"self":[{"href":"https:\/\/ag-frisch.com\/pl\/wp-json\/wp\/v2\/pages\/9441","targetHints":{"allow":["GET"]}}],"collection":[{"href":"https:\/\/ag-frisch.com\/pl\/wp-json\/wp\/v2\/pages"}],"about":[{"href":"https:\/\/ag-frisch.com\/pl\/wp-json\/wp\/v2\/types\/page"}],"author":[{"embeddable":true,"href":"https:\/\/ag-frisch.com\/pl\/wp-json\/wp\/v2\/users\/2"}],"replies":[{"embeddable":true,"href":"https:\/\/ag-frisch.com\/pl\/wp-json\/wp\/v2\/comments?post=9441"}],"version-history":[{"count":0,"href":"https:\/\/ag-frisch.com\/pl\/wp-json\/wp\/v2\/pages\/9441\/revisions"}],"up":[{"embeddable":true,"href":"https:\/\/ag-frisch.com\/pl\/wp-json\/wp\/v2\/pages\/8505"}],"wp:attachment":[{"href":"https:\/\/ag-frisch.com\/pl\/wp-json\/wp\/v2\/media?parent=9441"}],"curies":[{"name":"wp","href":"https:\/\/api.w.org\/{rel}","templated":true}]}}