{"id":9491,"date":"2021-09-21T23:01:32","date_gmt":"2021-09-21T21:01:32","guid":{"rendered":"https:\/\/ag-frisch.com\/spotkanie-sieci-kupujacych\/"},"modified":"2023-01-26T22:50:37","modified_gmt":"2023-01-26T21:50:37","slug":"spotkanie-sieci-kupujacych","status":"publish","type":"page","link":"https:\/\/ag-frisch.com\/pl\/strony-informacyjne\/spotkanie-sieci-kupujacych\/","title":{"rendered":"Spotkanie sieci kupuj\u0105cych"},"content":{"rendered":"<p>[et_pb_section fb_built=&#8221;1&#8243; _builder_version=&#8221;4.16&#8243; _module_preset=&#8221;default&#8221; global_colors_info=&#8221;{}&#8221;][et_pb_row _builder_version=&#8221;4.16&#8243; _module_preset=&#8221;default&#8221; global_colors_info=&#8221;{}&#8221;][et_pb_column type=&#8221;4_4&#8243; _builder_version=&#8221;4.16&#8243; _module_preset=&#8221;default&#8221; global_colors_info=&#8221;{}&#8221;][et_pb_text _builder_version=&#8221;4.18.1&#8243; _module_preset=&#8221;default&#8221; hover_enabled=&#8221;0&#8243; global_colors_info=&#8221;{}&#8221; sticky_enabled=&#8221;0&#8243;]<\/p>\n<h1>China Buyer Network Meeting dla importer\u00f3w<\/h1>\n<h2>Spotkanie sieciowe dla kupuj\u0105cych (zwi\u0105zane z Azj\u0105)<\/h2>\n<div class=\"content_floattext\">\n<div>\n<p><span><strong>Ze wzgl\u0119du na pandemi\u0119 Corony, spotkania s\u0105 obecnie wstrzymane.  <\/strong><\/span><\/p>\n<p>Spotkanie sieciowe dla przedsi\u0119biorc\u00f3w, kupc\u00f3w i os\u00f3b zainteresowanych Azj\u0105 (w szczeg\u00f3lno\u015bci Chinami, Kore\u0105, Japoni\u0105).<\/p>\n<p>Na spotkaniu sieciowym mo\u017cna poszerzy\u0107 swoj\u0105 wiedz\u0119 w zakresie importu z Chin.<\/p>\n<p>Od listopada. W 2014 roku Agencja Frisch oferowa\u0142a regularne <strong>spotkania networkingowe<\/strong>. Chcieliby\u015bmy zwr\u00f3ci\u0107 si\u0119 do kupuj\u0105cych z ma\u0142ych i \u015brednich firm, jak r\u00f3wnie\u017c z grup korporacyjnych<strong>(sie\u0107 dla kupuj\u0105cych<\/strong>). W niekt\u00f3rych przypadkach wsp\u00f3\u0142pracujemy r\u00f3wnie\u017c ze stowarzyszeniami o takich samych lub podobnych celach. Celem jest wymiana do\u015bwiadcze\u0144, przy czym nierzadko powstaj\u0105 r\u00f3wnie\u017c relacje biznesowe.<\/p>\n<p>Uczestnikami naszych spotka\u0144 s\u0105 zazwyczaj Niemcy, kt\u00f3rzy maj\u0105 do czynienia z Azj\u0105, Azjaci, kt\u00f3rzy studiuj\u0105 lub pracuj\u0105 w Niemczech, spedytorzy, firmy spedycyjne, prawnicy mi\u0119dzynarodowi, us\u0142ugodawcy z zakresu handlu zagranicznego\/zakup\u00f3w &amp; logistyki oraz kupcy z bran\u017cy przemys\u0142owej i handlowej.<\/p>\n<p><strong>Spotkania sieci <\/strong>odbywaj\u0105 si\u0119 regularnie w Berlinie, nieregularnie organizowane s\u0105 r\u00f3wnie\u017c spotkania w zmieniaj\u0105cych si\u0119 regionach.<\/p>\n<p><strong>Spotkania sieci <\/strong>odbywaj\u0105 si\u0119<u> co roku<\/u> w terminie, kt\u00f3ry jest og\u0142aszany z du\u017cym wyprzedzeniem. Zapraszamy do kontaktu z nami pod adresem.<a><\/a><\/p>\n<p>info@ag-frisch.de<\/p>\n<p>(lub link do rejestracji na wydarzenie poni\u017cej), aby zarejestrowa\u0107 si\u0119 na jedno z najbli\u017cszych spotka\u0144. Udzia\u0142 w imprezie jest bezp\u0142atny, ka\u017cdy p\u0142aci tylko za w\u0142asne napoje i jedzenie.<br \/><span><br \/><\/span><span><img loading=\"lazy\" decoding=\"async\" src=\"http:\/\/www.ag-frisch.de\/cmsstore\/Einladung.jpg\" alt=\"\" width=\"620\" height=\"437\"><\/span><\/p>\n<p><span><strong><\/strong><\/span><\/p>\n<p><span>Organizatorzy:<br \/><\/span><br \/><a href=\"https:\/\/www.xing.com\/profile\/David%C2%B4%C3%B3%C3%8E%C3%80_Frisch\">David Frisch (na Xing)<\/a><\/p>\n<\/div>\n<\/div>\n<p>&nbsp;<\/p>\n<p>[\/et_pb_text][\/et_pb_column][\/et_pb_row][et_pb_row _builder_version=&#8221;4.16&#8243; _module_preset=&#8221;default&#8221; global_colors_info=&#8221;{}&#8221;][et_pb_column type=&#8221;4_4&#8243; _builder_version=&#8221;4.16&#8243; _module_preset=&#8221;default&#8221; global_colors_info=&#8221;{}&#8221;][et_pb_code _builder_version=&#8221;4.16&#8243; _module_preset=&#8221;default&#8221; global_colors_info=&#8221;{}&#8221;][\/et_pb_code][\/et_pb_column][\/et_pb_row][\/et_pb_section]<\/p>\n","protected":false},"excerpt":{"rendered":"<p>China Buyer Network Meeting dla importer\u00f3w Spotkanie sieciowe dla kupuj\u0105cych (zwi\u0105zane z Azj\u0105) Ze wzgl\u0119du na pandemi\u0119 Corony, spotkania s\u0105 obecnie wstrzymane. Spotkanie sieciowe dla przedsi\u0119biorc\u00f3w, kupc\u00f3w i os\u00f3b zainteresowanych Azj\u0105 (w szczeg\u00f3lno\u015bci Chinami, Kore\u0105, Japoni\u0105). Na spotkaniu sieciowym mo\u017cna poszerzy\u0107 swoj\u0105 wiedz\u0119 w zakresie importu z Chin. Od listopada. W 2014 roku Agencja Frisch [&hellip;]<\/p>\n","protected":false},"author":2,"featured_media":0,"parent":8505,"menu_order":0,"comment_status":"closed","ping_status":"closed","template":"","meta":{"_et_pb_use_builder":"on","_et_pb_old_content":"","_et_gb_content_width":"","footnotes":""},"class_list":["post-9491","page","type-page","status-publish","hentry"],"yoast_head":"<!-- This site is optimized with the Yoast SEO plugin v27.2 - https:\/\/yoast.com\/product\/yoast-seo-wordpress\/ -->\n<title>Buyers&#039; Network Meeting | China Import Network for Buyers<\/title>\n<meta name=\"description\" content=\"China-Import Network Meeting \u25ba Spotkanie sieciowe dla przedsi\u0119biorc\u00f3w i kupuj\u0105cych \u25ba Wymiana kontakt\u00f3w &amp; wiedzy \u25ba Do\u0142\u0105cz teraz!\" \/>\n<meta name=\"robots\" content=\"index, follow, max-snippet:-1, max-image-preview:large, max-video-preview:-1\" \/>\n<link rel=\"canonical\" href=\"https:\/\/ag-frisch.com\/pl\/spotkanie-sieci-kupujacych\/\" \/>\n<meta property=\"og:locale\" content=\"pl_PL\" \/>\n<meta property=\"og:type\" content=\"article\" \/>\n<meta property=\"og:title\" content=\"Buyers&#039; Network Meeting | China Import Network for Buyers\" \/>\n<meta property=\"og:description\" content=\"China-Import Network Meeting \u25ba Spotkanie sieciowe dla przedsi\u0119biorc\u00f3w i kupuj\u0105cych \u25ba Wymiana kontakt\u00f3w &amp; wiedzy \u25ba Do\u0142\u0105cz teraz!\" \/>\n<meta property=\"og:url\" content=\"https:\/\/ag-frisch.com\/pl\/spotkanie-sieci-kupujacych\/\" \/>\n<meta property=\"og:site_name\" content=\"China Import Beratung f\u00fcr den Einkauf aus China\" \/>\n<meta property=\"article:publisher\" content=\"https:\/\/www.facebook.com\/China.Import\" \/>\n<meta property=\"article:modified_time\" content=\"2023-01-26T21:50:37+00:00\" \/>\n<meta property=\"og:image\" content=\"http:\/\/www.ag-frisch.de\/cmsstore\/Einladung.jpg\" \/>\n<meta name=\"twitter:card\" content=\"summary_large_image\" \/>\n<meta name=\"twitter:site\" content=\"@agenturfrisch\" \/>\n<meta name=\"twitter:label1\" content=\"Szacowany czas czytania\" \/>\n\t<meta name=\"twitter:data1\" content=\"2 minuty\" \/>\n<script type=\"application\/ld+json\" class=\"yoast-schema-graph\">{\"@context\":\"https:\/\/schema.org\",\"@graph\":[{\"@type\":\"WebPage\",\"@id\":\"https:\/\/ag-frisch.com\/pl\/spotkanie-sieci-kupujacych\/\",\"url\":\"https:\/\/ag-frisch.com\/pl\/spotkanie-sieci-kupujacych\/\",\"name\":\"Buyers' Network Meeting | China Import Network for Buyers\",\"isPartOf\":{\"@id\":\"https:\/\/ag-frisch.com\/de\/#website\"},\"primaryImageOfPage\":{\"@id\":\"https:\/\/ag-frisch.com\/pl\/spotkanie-sieci-kupujacych\/#primaryimage\"},\"image\":{\"@id\":\"https:\/\/ag-frisch.com\/pl\/spotkanie-sieci-kupujacych\/#primaryimage\"},\"thumbnailUrl\":\"http:\/\/www.ag-frisch.de\/cmsstore\/Einladung.jpg\",\"datePublished\":\"2021-09-21T21:01:32+00:00\",\"dateModified\":\"2023-01-26T21:50:37+00:00\",\"description\":\"China-Import Network Meeting \u25ba Spotkanie sieciowe dla przedsi\u0119biorc\u00f3w i kupuj\u0105cych \u25ba Wymiana kontakt\u00f3w & wiedzy \u25ba Do\u0142\u0105cz teraz!\",\"breadcrumb\":{\"@id\":\"https:\/\/ag-frisch.com\/pl\/spotkanie-sieci-kupujacych\/#breadcrumb\"},\"inLanguage\":\"pl-PL\",\"potentialAction\":[{\"@type\":\"ReadAction\",\"target\":[\"https:\/\/ag-frisch.com\/pl\/spotkanie-sieci-kupujacych\/\"]}]},{\"@type\":\"ImageObject\",\"inLanguage\":\"pl-PL\",\"@id\":\"https:\/\/ag-frisch.com\/pl\/spotkanie-sieci-kupujacych\/#primaryimage\",\"url\":\"http:\/\/www.ag-frisch.de\/cmsstore\/Einladung.jpg\",\"contentUrl\":\"http:\/\/www.ag-frisch.de\/cmsstore\/Einladung.jpg\"},{\"@type\":\"BreadcrumbList\",\"@id\":\"https:\/\/ag-frisch.com\/pl\/spotkanie-sieci-kupujacych\/#breadcrumb\",\"itemListElement\":[{\"@type\":\"ListItem\",\"position\":1,\"name\":\"Startseite\",\"item\":\"https:\/\/ag-frisch.com\/de\/\"},{\"@type\":\"ListItem\",\"position\":2,\"name\":\"Spotkanie sieci kupuj\u0105cych\"}]},{\"@type\":\"WebSite\",\"@id\":\"https:\/\/ag-frisch.com\/de\/#website\",\"url\":\"https:\/\/ag-frisch.com\/de\/\",\"name\":\"China Import Beratung f\u00fcr den Einkauf aus China\",\"description\":\"China Import &amp; Export Beratung - Der Dienstleister Ihres Vertrauens f\u00fcr Ihren China Import\",\"publisher\":{\"@id\":\"https:\/\/ag-frisch.com\/de\/#organization\"},\"potentialAction\":[{\"@type\":\"SearchAction\",\"target\":{\"@type\":\"EntryPoint\",\"urlTemplate\":\"https:\/\/ag-frisch.com\/de\/?s={search_term_string}\"},\"query-input\":{\"@type\":\"PropertyValueSpecification\",\"valueRequired\":true,\"valueName\":\"search_term_string\"}}],\"inLanguage\":\"pl-PL\"},{\"@type\":\"Organization\",\"@id\":\"https:\/\/ag-frisch.com\/de\/#organization\",\"name\":\"Agentur Frisch International Consulting GmbH & Co. KG\",\"url\":\"https:\/\/ag-frisch.com\/de\/\",\"logo\":{\"@type\":\"ImageObject\",\"inLanguage\":\"pl-PL\",\"@id\":\"https:\/\/ag-frisch.com\/de\/#\/schema\/logo\/image\/\",\"url\":\"https:\/\/ag-frisch.com\/wp-content\/uploads\/2021\/08\/ag_logo_rgb_300_small.png\",\"contentUrl\":\"https:\/\/ag-frisch.com\/wp-content\/uploads\/2021\/08\/ag_logo_rgb_300_small.png\",\"width\":153,\"height\":102,\"caption\":\"Agentur Frisch International Consulting GmbH & Co. KG\"},\"image\":{\"@id\":\"https:\/\/ag-frisch.com\/de\/#\/schema\/logo\/image\/\"},\"sameAs\":[\"https:\/\/www.facebook.com\/China.Import\",\"https:\/\/x.com\/agenturfrisch\"]}]}<\/script>\n<!-- \/ Yoast SEO plugin. -->","yoast_head_json":{"title":"Buyers' Network Meeting | China Import Network for Buyers","description":"China-Import Network Meeting \u25ba Spotkanie sieciowe dla przedsi\u0119biorc\u00f3w i kupuj\u0105cych \u25ba Wymiana kontakt\u00f3w & wiedzy \u25ba Do\u0142\u0105cz teraz!","robots":{"index":"index","follow":"follow","max-snippet":"max-snippet:-1","max-image-preview":"max-image-preview:large","max-video-preview":"max-video-preview:-1"},"canonical":"https:\/\/ag-frisch.com\/pl\/spotkanie-sieci-kupujacych\/","og_locale":"pl_PL","og_type":"article","og_title":"Buyers' Network Meeting | China Import Network for Buyers","og_description":"China-Import Network Meeting \u25ba Spotkanie sieciowe dla przedsi\u0119biorc\u00f3w i kupuj\u0105cych \u25ba Wymiana kontakt\u00f3w & wiedzy \u25ba Do\u0142\u0105cz teraz!","og_url":"https:\/\/ag-frisch.com\/pl\/spotkanie-sieci-kupujacych\/","og_site_name":"China Import Beratung f\u00fcr den Einkauf aus China","article_publisher":"https:\/\/www.facebook.com\/China.Import","article_modified_time":"2023-01-26T21:50:37+00:00","og_image":[{"url":"http:\/\/www.ag-frisch.de\/cmsstore\/Einladung.jpg","type":"","width":"","height":""}],"twitter_card":"summary_large_image","twitter_site":"@agenturfrisch","twitter_misc":{"Szacowany czas czytania":"2 minuty"},"schema":{"@context":"https:\/\/schema.org","@graph":[{"@type":"WebPage","@id":"https:\/\/ag-frisch.com\/pl\/spotkanie-sieci-kupujacych\/","url":"https:\/\/ag-frisch.com\/pl\/spotkanie-sieci-kupujacych\/","name":"Buyers' Network Meeting | China Import Network for Buyers","isPartOf":{"@id":"https:\/\/ag-frisch.com\/de\/#website"},"primaryImageOfPage":{"@id":"https:\/\/ag-frisch.com\/pl\/spotkanie-sieci-kupujacych\/#primaryimage"},"image":{"@id":"https:\/\/ag-frisch.com\/pl\/spotkanie-sieci-kupujacych\/#primaryimage"},"thumbnailUrl":"http:\/\/www.ag-frisch.de\/cmsstore\/Einladung.jpg","datePublished":"2021-09-21T21:01:32+00:00","dateModified":"2023-01-26T21:50:37+00:00","description":"China-Import Network Meeting \u25ba Spotkanie sieciowe dla przedsi\u0119biorc\u00f3w i kupuj\u0105cych \u25ba Wymiana kontakt\u00f3w & wiedzy \u25ba Do\u0142\u0105cz teraz!","breadcrumb":{"@id":"https:\/\/ag-frisch.com\/pl\/spotkanie-sieci-kupujacych\/#breadcrumb"},"inLanguage":"pl-PL","potentialAction":[{"@type":"ReadAction","target":["https:\/\/ag-frisch.com\/pl\/spotkanie-sieci-kupujacych\/"]}]},{"@type":"ImageObject","inLanguage":"pl-PL","@id":"https:\/\/ag-frisch.com\/pl\/spotkanie-sieci-kupujacych\/#primaryimage","url":"http:\/\/www.ag-frisch.de\/cmsstore\/Einladung.jpg","contentUrl":"http:\/\/www.ag-frisch.de\/cmsstore\/Einladung.jpg"},{"@type":"BreadcrumbList","@id":"https:\/\/ag-frisch.com\/pl\/spotkanie-sieci-kupujacych\/#breadcrumb","itemListElement":[{"@type":"ListItem","position":1,"name":"Startseite","item":"https:\/\/ag-frisch.com\/de\/"},{"@type":"ListItem","position":2,"name":"Spotkanie sieci kupuj\u0105cych"}]},{"@type":"WebSite","@id":"https:\/\/ag-frisch.com\/de\/#website","url":"https:\/\/ag-frisch.com\/de\/","name":"China Import Beratung f\u00fcr den Einkauf aus China","description":"China Import &amp; Export Beratung - Der Dienstleister Ihres Vertrauens f\u00fcr Ihren China Import","publisher":{"@id":"https:\/\/ag-frisch.com\/de\/#organization"},"potentialAction":[{"@type":"SearchAction","target":{"@type":"EntryPoint","urlTemplate":"https:\/\/ag-frisch.com\/de\/?s={search_term_string}"},"query-input":{"@type":"PropertyValueSpecification","valueRequired":true,"valueName":"search_term_string"}}],"inLanguage":"pl-PL"},{"@type":"Organization","@id":"https:\/\/ag-frisch.com\/de\/#organization","name":"Agentur Frisch International Consulting GmbH & Co. KG","url":"https:\/\/ag-frisch.com\/de\/","logo":{"@type":"ImageObject","inLanguage":"pl-PL","@id":"https:\/\/ag-frisch.com\/de\/#\/schema\/logo\/image\/","url":"https:\/\/ag-frisch.com\/wp-content\/uploads\/2021\/08\/ag_logo_rgb_300_small.png","contentUrl":"https:\/\/ag-frisch.com\/wp-content\/uploads\/2021\/08\/ag_logo_rgb_300_small.png","width":153,"height":102,"caption":"Agentur Frisch International Consulting GmbH & Co. KG"},"image":{"@id":"https:\/\/ag-frisch.com\/de\/#\/schema\/logo\/image\/"},"sameAs":["https:\/\/www.facebook.com\/China.Import","https:\/\/x.com\/agenturfrisch"]}]}},"_links":{"self":[{"href":"https:\/\/ag-frisch.com\/pl\/wp-json\/wp\/v2\/pages\/9491","targetHints":{"allow":["GET"]}}],"collection":[{"href":"https:\/\/ag-frisch.com\/pl\/wp-json\/wp\/v2\/pages"}],"about":[{"href":"https:\/\/ag-frisch.com\/pl\/wp-json\/wp\/v2\/types\/page"}],"author":[{"embeddable":true,"href":"https:\/\/ag-frisch.com\/pl\/wp-json\/wp\/v2\/users\/2"}],"replies":[{"embeddable":true,"href":"https:\/\/ag-frisch.com\/pl\/wp-json\/wp\/v2\/comments?post=9491"}],"version-history":[{"count":0,"href":"https:\/\/ag-frisch.com\/pl\/wp-json\/wp\/v2\/pages\/9491\/revisions"}],"up":[{"embeddable":true,"href":"https:\/\/ag-frisch.com\/pl\/wp-json\/wp\/v2\/pages\/8505"}],"wp:attachment":[{"href":"https:\/\/ag-frisch.com\/pl\/wp-json\/wp\/v2\/media?parent=9491"}],"curies":[{"name":"wp","href":"https:\/\/api.w.org\/{rel}","templated":true}]}}