{"id":9704,"date":"2021-10-10T22:03:13","date_gmt":"2021-10-10T20:03:13","guid":{"rendered":"https:\/\/ag-frisch.com\/cif-z-chin\/"},"modified":"2023-01-26T23:13:15","modified_gmt":"2023-01-26T22:13:15","slug":"cif-z-chin","status":"publish","type":"page","link":"https:\/\/ag-frisch.com\/pl\/strony-informacyjne\/cif-z-chin\/","title":{"rendered":"CIF z Chin"},"content":{"rendered":"<p>[et_pb_section fb_built=&#8221;1&#8243; _builder_version=&#8221;4.16&#8243; _module_preset=&#8221;default&#8221; global_colors_info=&#8221;{}&#8221;][et_pb_row _builder_version=&#8221;4.16&#8243; _module_preset=&#8221;default&#8221; global_colors_info=&#8221;{}&#8221;][et_pb_column type=&#8221;4_4&#8243; _builder_version=&#8221;4.16&#8243; _module_preset=&#8221;default&#8221; global_colors_info=&#8221;{}&#8221;][et_pb_cta title=&#8221;Wyb\u00f3r w\u0142a\u015bciwych regu\u0142 Incoterms dla dostaw z Chin&#8221; button_url=&#8221;https:\/\/ag-frisch.com\/pl\/kontakt\/&#8221; button_text=&#8221;Uzyskaj ju\u017c teraz porady dotycz\u0105ce logistyki z Chin&#8221; _builder_version=&#8221;4.18.1&#8243; _module_preset=&#8221;default&#8221; global_colors_info=&#8221;{}&#8221;]<\/p>\n<p>Dzi\u0119ki doradztwu China Import Agency Frisch znajdziesz optymaln\u0105 drog\u0119 logistyczn\u0105 dla swoich towar\u00f3w z Chin.  <\/p>\n<p>[\/et_pb_cta][et_pb_text _builder_version=&#8221;4.18.1&#8243; _module_preset=&#8221;default&#8221; hover_enabled=&#8221;0&#8243; global_colors_info=&#8221;{}&#8221; sticky_enabled=&#8221;0&#8243;]<\/p>\n<h1>Op\u0142aty fantastyczne dla dostaw CIF z Chin<\/h1>\n<div class=\"content_floattext\">\n<div>\n<p><span><strong>Niestety, od lat jest to problem z dostawami CIF z Chin:<\/strong><\/p>\n<p>Je\u015bli zaakceptujesz <strong>dostaw\u0119 CIF<\/strong> od chi\u0144skiego dostawcy, brzmi to dobrze, chi\u0144ski dostawca wy\u015ble tw\u00f3j kontener do Niemiec za niewielki rycza\u0142t. Masz mniej k\u0142opot\u00f3w, nie musisz si\u0119 o to martwi\u0107, a co wi\u0119cej, p\u0142acisz dostawcy znacznie mniej ni\u017c to, co zaoferowa\u0142 Ci niemiecki spedytor.<\/p>\n<p>Niestety, to tylko dobrze brzmi, bo gdy tylko towar znajdzie si\u0119 w niemieckim porcie, do domu leci oferta lub nawet gruba faktura. Teraz i tak trudno b\u0119dzie odm\u00f3wi\u0107, bo chcesz mie\u0107 sw\u00f3j towar i zazwyczaj ju\u017c za niego zap\u0142aci\u0142e\u015b.<\/p>\n<p>Ale dlaczego <strong>dostawa CIF<\/strong> i oszcz\u0119dno\u015b\u0107 koszt\u00f3w jest fa\u0142szywa?<\/p>\n<p>Firma spedycyjna, kt\u00f3rej zleci\u0142 to Pa\u0144stwa dostawca w Chinach, ma umow\u0119 z agentem odbiorczym w Niemczech. W ten spos\u00f3b Tw\u00f3j dostawca dostaje przesy\u0142k\u0119 gratis lub cz\u0119sto nawet otrzymuje prowizj\u0119 za zlecenie wysy\u0142ki. Koszty te s\u0105 nast\u0119pnie odzyskiwane w Niemczech &#8211; na Pa\u0144stwa koszt.<\/p>\n<p>Agent odbieraj\u0105cy w Niemczech poinformuje Pa\u0144stwa przed nadej\u015bciem towaru i przedstawi ofert\u0119 na dostaw\u0119 na terenie Niemiec oraz na odpraw\u0119 celn\u0105 towaru. Jednak w ofercie s\u0105 ju\u017c sta\u0142e pozycje o kosztach, kt\u00f3re powinny by\u0107 ju\u017c poniesione, ale w razie potrzeby te r\u00f3wnie\u017c b\u0119d\u0105 ju\u017c zafakturowane, bo i tak s\u0105 one nale\u017cne z g\u00f3ry, inaczej Tw\u00f3j towar nie zostanie wydany. Koszty te ukryte s\u0105 m.in. w wymy\u015blnych op\u0142atach zwanych<strong> CISF (China Import Service Fee)<\/strong>.<\/p>\n<p>Ale ile wynosz\u0105 te op\u0142aty? Poniewa\u017c dostawca w Chinach otrzyma\u0142 transport za darmo, op\u0142aty s\u0105 zazwyczaj min. tak wysokie jak koszty wysy\u0142ki, kt\u00f3re wcze\u015bniej m\u00f3g\u0142 zaoferowa\u0107 Pa\u0144stwu niemiecki spedytor lub kt\u00f3re kosztowa\u0142yby u niemieckiego spedytora. Czyli teraz p\u0142acisz za wysy\u0142k\u0119 do Niemiec po wszystkim (ze wzgl\u0119du na ukryte op\u0142aty). Z regu\u0142y jednak koszty s\u0105 jeszcze wy\u017csze, poniewa\u017c dostawca w Chinach otrzymuje zazwyczaj prowizj\u0119 za zlecenie wysy\u0142ki. Oznacza to, \u017ce teraz p\u0142acisz na g\u00f3rze. Trudno b\u0119dzie si\u0119 broni\u0107 przed tymi kosztami, gdy\u017c w przeciwnym razie nie otrzymasz towaru, a dodatkowo poniesiesz niema\u0142e koszty codziennego przechowywania.<\/p>\n<p>Opr\u00f3cz koszt\u00f3w jest wtedy jeszcze spory minus. Je\u017celi towar zosta\u0142 uszkodzony lub skradziony, nie by\u0142o jednego przewo\u017anika, to na Panu spoczywa ci\u0119\u017car dowodu, gdzie towar zosta\u0142 uszkodzony lub skradziony (w drodze do Niemiec, co zosta\u0142o jeszcze zam\u00f3wione przez dostawc\u0119, kt\u00f3ry mo\u017ce nie mie\u0107 \u017cadnego lub w\u0142asnego ubezpieczenia) lub dopiero z portu w Niemczech do Pana, gdzie wtedy Pana ubezpieczenie pokry\u0142oby odpowiedzialno\u015b\u0107. Ten dow\u00f3d jest prawie niemo\u017cliwy do przedstawienia, wi\u0119c w razie szkody nie b\u0119dziesz mia\u0142 \u017cadnej ochrony.<\/p>\n<p>Dlatego odradzamy przyjmowanie <strong>dostaw CIF<\/strong> od chi\u0144skich dostawc\u00f3w. Og\u00f3lnie rzecz bior\u0105c, zaoferujmy Ci FOB i zorganizujmy wysy\u0142k\u0119 samodzielnie lub pozw\u00f3l spedytorowi w Niemczech przeprowadzi\u0107 ca\u0142y import dla Ciebie.<\/p>\n<p>Polecamy:  <\/span><a href=\"http:\/\/www.china-import.net\/\"><span>Firma spedycyjna specjalizuj\u0105ca si\u0119 w wysy\u0142ce z Chin<\/span><\/a><\/div>\n<\/div>\n<p>[\/et_pb_text][\/et_pb_column][\/et_pb_row][\/et_pb_section][et_pb_section fb_built=&#8221;1&#8243; admin_label=&#8221;Testimonials&#8221; _builder_version=&#8221;4.16&#8243; use_background_color_gradient=&#8221;on&#8221; background_color_gradient_stops=&#8221;rgba(0,106,156,0.85) 0%|rgba(0,106,156,0.85) 100%&#8221; background_color_gradient_start=&#8221;rgba(0,106,156,0.85)&#8221; background_color_gradient_end=&#8221;rgba(0,106,156,0.85)&#8221; custom_padding=&#8221;90px||60px|&#8221; animation_style=&#8221;fold&#8221; animation_direction=&#8221;bottom&#8221; animation_intensity_fold=&#8221;4%&#8221; global_colors_info=&#8221;{}&#8221;][et_pb_row _builder_version=&#8221;4.16&#8243; background_size=&#8221;initial&#8221; background_position=&#8221;top_left&#8221; background_repeat=&#8221;repeat&#8221; custom_width_px=&#8221;710px&#8221; locked=&#8221;off&#8221; global_colors_info=&#8221;{}&#8221;][et_pb_column type=&#8221;4_4&#8243; _builder_version=&#8221;4.16&#8243; background_position=&#8221;top_left&#8221; custom_padding=&#8221;|||&#8221; global_colors_info=&#8221;{}&#8221; custom_padding__hover=&#8221;|||&#8221;][et_pb_text admin_label=&#8221;Testimonials Section Title&#8221; _builder_version=&#8221;4.16&#8243; header_font=&#8221;Montserrat||||&#8221; header_font_size=&#8221;36px&#8221; background_size=&#8221;initial&#8221; background_position=&#8221;top_left&#8221; background_repeat=&#8221;repeat&#8221; text_orientation=&#8221;center&#8221; background_layout=&#8221;dark&#8221; max_width=&#8221;710px&#8221; module_alignment=&#8221;center&#8221; animation_style=&#8221;fold&#8221; animation_direction=&#8221;bottom&#8221; animation_intensity_fold=&#8221;20%&#8221; global_colors_info=&#8221;{}&#8221;]<\/p>\n<h1>Ponad 5000 zadowolonych klient\u00f3w.<\/h1>\n<p>&nbsp;<\/p>\n<p>[\/et_pb_text][et_pb_divider color=&#8221;#ffffff&#8221; divider_weight=&#8221;3px&#8221; disabled_on=&#8221;off|off|off&#8221; _builder_version=&#8221;4.16&#8243; background_color_gradient_direction=&#8221;90deg&#8221; max_width=&#8221;100px&#8221; module_alignment=&#8221;center&#8221; height=&#8221;5px&#8221; custom_margin=&#8221;||20px|&#8221; custom_padding=&#8221;||20px|&#8221; animation_style=&#8221;slide&#8221; animation_direction=&#8221;bottom&#8221; saved_tabs=&#8221;all&#8221; locked=&#8221;off&#8221; global_colors_info=&#8221;{}&#8221;][\/et_pb_divider][\/et_pb_column][\/et_pb_row][et_pb_row column_structure=&#8221;1_2,1_2&#8243; _builder_version=&#8221;4.18.1&#8243; _module_preset=&#8221;default&#8221; global_colors_info=&#8221;{}&#8221;][et_pb_column type=&#8221;1_2&#8243; _builder_version=&#8221;4.18.1&#8243; _module_preset=&#8221;default&#8221; global_colors_info=&#8221;{}&#8221;][et_pb_testimonial author=&#8221;Marco&#8221; portrait_url=&#8221;https:\/\/ag-frisch.com\/wp-content\/uploads\/2021\/08\/Harald.png&#8221; quote_icon=&#8221;off&#8221; _builder_version=&#8221;4.18.1&#8243; _module_preset=&#8221;default&#8221; body_font_size=&#8221;16px&#8221; use_background_color=&#8221;off&#8221; background_layout=&#8221;dark&#8221; global_colors_info=&#8221;{}&#8221;]Zleci\u0142em agencji Frisch wyprodukowanie du\u017cego mebla w Chinach, a nast\u0119pnie sprowadzenie go do Niemiec. Przez ca\u0142y czas by\u0142a sprawna komunikacja mailowa! Bardzo szybkie i rzetelne odpowiedzi stale dodawa\u0142y mi otuchy, kt\u00f3ra jest niezb\u0119dna w takim przedsi\u0119wzi\u0119ciu. Przez ca\u0142y czas pomagano mi przebrn\u0105\u0107 przez biurokratyczny g\u0105szcz, nie zapomniano o \u017cadnym formularzu ani nie wype\u0142niono go b\u0142\u0119dnie. Bardzo godne pochwa\u0142y!<a href=\"&lt;div%20class=%22pe-richsnippets%22&gt;&nbsp;&lt;\/div&gt;%20&lt;script%20type=%22text\/javascript%22%20src=%22https:\/\/www.provenexpert.com\/widget\/richsnippet.js?u=1NUA0VwZ4RUZ5tmAi5zA4RaplNKAlWwZ&amp;v=2%22%20async&gt;&lt;\/script&gt;%20&lt;div%20style=%22text-align:%20justify;%22&gt;&lt;br%20\/&gt;\"><\/a><\/p>\n<div class=\"brow ratingBarMargin\">\n<div class=\"ratingBar\">\n<div class=\"brow\">\n<div class=\"pe-richsnippets\">&nbsp;<\/div>\n<p><script type=\"text\/javascript\" src=\"https:\/\/www.provenexpert.com\/widget\/richsnippet.js?u=1NUA0VwZ4RUZ5tmAi5zA4RaplNKAlWwZ&amp;v=2\" async=\"\"><\/script><\/p>\n<div style=\"text-align: justify;\"><\/p>\n<div class=\"col-lg-9 col-md-8 col-xs-10 mt20 mb20\">\n<div class=\"col-xs-12 surveyNameForRating\"><\/div>\n<\/div>\n<\/div>\n<\/div>\n<\/div>\n<\/div>\n<p>[\/et_pb_testimonial][\/et_pb_column][et_pb_column type=&#8221;1_2&#8243; _builder_version=&#8221;4.18.1&#8243; _module_preset=&#8221;default&#8221; global_colors_info=&#8221;{}&#8221;][et_pb_testimonial author=&#8221;Simone L.&#8221; portrait_url=&#8221;https:\/\/ag-frisch.com\/wp-content\/uploads\/2021\/08\/Harald.png&#8221; quote_icon=&#8221;off&#8221; _builder_version=&#8221;4.18.1&#8243; _module_preset=&#8221;default&#8221; body_font_size=&#8221;16px&#8221; use_background_color=&#8221;off&#8221; background_layout=&#8221;dark&#8221; global_colors_info=&#8221;{}&#8221;]<\/p>\n<p>Ca\u0142a g\u00f3ra. Nie ma nic lepszego ni\u017c to. Doradzanie i wdra\u017canie nie mo\u017ce by\u0107 zrobione lepiej. Jeste\u015bmy bardziej ni\u017c zadowoleni po kilku zam\u00f3wieniach z t\u0105 firm\u0105 i kontynuowa\u0107 nasz\u0105 wsp\u00f3\u0142prac\u0119.<\/p>\n<div class=\"brow ratingBarMargin\">\n<div class=\"ratingBar\">\n<div class=\"brow\">\n<div class=\"pe-richsnippets\"> <\/div>\n<p>\n<script type=\"text\/javascript\" src=\"https:\/\/www.provenexpert.com\/widget\/richsnippet.js?u=1NUA0VwZ4RUZ5tmAi5zA4RaplNKAlWwZ&amp;v=2\" async=\"\"><\/script>\n<\/p>\n<div style=\"text-align: justify;\">\n<p>&nbsp;<\/p>\n<div class=\"col-lg-9 col-md-8 col-xs-10 mt20 mb20\">\n<div class=\"col-xs-12 surveyNameForRating\"><\/div>\n<\/div>\n<\/div>\n<\/div>\n<\/div>\n<\/div>\n<p>[\/et_pb_testimonial][\/et_pb_column][\/et_pb_row][et_pb_row _builder_version=&#8221;4.16&#8243; background_size=&#8221;initial&#8221; background_position=&#8221;top_left&#8221; background_repeat=&#8221;repeat&#8221; custom_padding=&#8221;50px|0px|30px|0px&#8221; custom_css_main_element=&#8221;text-align: center;&#8221; global_colors_info=&#8221;{}&#8221;][et_pb_column type=&#8221;4_4&#8243; _builder_version=&#8221;4.16&#8243; custom_padding=&#8221;|||&#8221; global_colors_info=&#8221;{}&#8221; custom_padding__hover=&#8221;|||&#8221;][et_pb_button button_url=&#8221;https:\/\/www.provenexpert.com\/de-de\/agentur-frisch-international-consulting-gmbh-und-co-kg\/&#8221; button_text=&#8221;WI\u0118CEJ OCEN&#8221; button_alignment=&#8221;left&#8221; admin_label=&#8221;Testimonial Button&#8221; _builder_version=&#8221;4.16&#8243; custom_button=&#8221;on&#8221; button_text_size=&#8221;18px&#8221; button_text_color=&#8221;#ffffff&#8221; button_bg_color=&#8221;#6eba01&#8243; button_border_width=&#8221;2px&#8221; button_border_color=&#8221;#6eba01&#8243; button_border_radius=&#8221;0px&#8221; button_letter_spacing=&#8221;2px&#8221; button_font=&#8221;Montserrat|||on|&#8221; button_use_icon=&#8221;off&#8221; animation_style=&#8221;fold&#8221; animation_direction=&#8221;bottom&#8221; button_text_color_hover=&#8221;#ffffff&#8221; button_border_color_hover=&#8221;#ffffff&#8221; button_border_radius_hover=&#8221;0px&#8221; button_letter_spacing_hover=&#8221;2px&#8221; button_bg_color_hover=&#8221;rgba(255,255,255,0)&#8221; locked=&#8221;off&#8221; global_colors_info=&#8221;{}&#8221; button_text_size__hover_enabled=&#8221;off&#8221; button_one_text_size__hover_enabled=&#8221;off&#8221; button_two_text_size__hover_enabled=&#8221;off&#8221; button_text_color__hover_enabled=&#8221;on&#8221; button_text_color__hover=&#8221;#ffffff&#8221; button_one_text_color__hover_enabled=&#8221;off&#8221; button_two_text_color__hover_enabled=&#8221;off&#8221; button_border_width__hover_enabled=&#8221;off&#8221; button_one_border_width__hover_enabled=&#8221;off&#8221; button_two_border_width__hover_enabled=&#8221;off&#8221; button_border_color__hover_enabled=&#8221;on&#8221; button_border_color__hover=&#8221;#ffffff&#8221; button_one_border_color__hover_enabled=&#8221;off&#8221; button_two_border_color__hover_enabled=&#8221;off&#8221; button_border_radius__hover_enabled=&#8221;on&#8221; button_border_radius__hover=&#8221;0px&#8221; button_one_border_radius__hover_enabled=&#8221;off&#8221; button_two_border_radius__hover_enabled=&#8221;off&#8221; button_letter_spacing__hover_enabled=&#8221;on&#8221; button_letter_spacing__hover=&#8221;2px&#8221; button_one_letter_spacing__hover_enabled=&#8221;off&#8221; button_two_letter_spacing__hover_enabled=&#8221;off&#8221; button_bg_color__hover_enabled=&#8221;on&#8221; button_bg_color__hover=&#8221;rgba(255,255,255,0)&#8221; button_one_bg_color__hover_enabled=&#8221;off&#8221; button_two_bg_color__hover_enabled=&#8221;off&#8221;][\/et_pb_button][\/et_pb_column][\/et_pb_row][\/et_pb_section]<\/p>\n","protected":false},"excerpt":{"rendered":"<p>Dzi\u0119ki doradztwu China Import Agency Frisch znajdziesz optymaln\u0105 drog\u0119 logistyczn\u0105 dla swoich towar\u00f3w z Chin. Op\u0142aty fantastyczne dla dostaw CIF z Chin Niestety, od lat jest to problem z dostawami CIF z Chin: Je\u015bli zaakceptujesz dostaw\u0119 CIF od chi\u0144skiego dostawcy, brzmi to dobrze, chi\u0144ski dostawca wy\u015ble tw\u00f3j kontener do Niemiec za niewielki rycza\u0142t. Masz mniej [&hellip;]<\/p>\n","protected":false},"author":2,"featured_media":0,"parent":8505,"menu_order":0,"comment_status":"closed","ping_status":"closed","template":"","meta":{"_et_pb_use_builder":"on","_et_pb_old_content":"","_et_gb_content_width":"","footnotes":""},"class_list":["post-9704","page","type-page","status-publish","hentry"],"yoast_head":"<!-- This site is optimized with the Yoast SEO plugin v27.4 - https:\/\/yoast.com\/product\/yoast-seo-wordpress\/ -->\n<title>Ostro\u017cno\u015b\u0107 przy dostawach CIF z Chin | Ukryte koszty CISF<\/title>\n<meta name=\"description\" content=\"Uwa\u017caj na dostawy CIF przy imporcie z Chin \u25ba Unikaj ukrytych koszt\u00f3w CISF i zaufaj profesjonali\u015bcie od importu \u25ba Skorzystaj z porady ju\u017c teraz!\" \/>\n<meta name=\"robots\" content=\"index, follow, max-snippet:-1, max-image-preview:large, max-video-preview:-1\" \/>\n<link rel=\"canonical\" href=\"https:\/\/ag-frisch.com\/pl\/cif-z-chin\/\" \/>\n<meta property=\"og:locale\" content=\"pl_PL\" \/>\n<meta property=\"og:type\" content=\"article\" \/>\n<meta property=\"og:title\" content=\"Ostro\u017cno\u015b\u0107 przy dostawach CIF z Chin | Ukryte koszty CISF\" \/>\n<meta property=\"og:description\" content=\"Uwa\u017caj na dostawy CIF przy imporcie z Chin \u25ba Unikaj ukrytych koszt\u00f3w CISF i zaufaj profesjonali\u015bcie od importu \u25ba Skorzystaj z porady ju\u017c teraz!\" \/>\n<meta property=\"og:url\" content=\"https:\/\/ag-frisch.com\/pl\/cif-z-chin\/\" \/>\n<meta property=\"og:site_name\" content=\"China Import Beratung f\u00fcr den Einkauf aus China\" \/>\n<meta property=\"article:publisher\" content=\"https:\/\/www.facebook.com\/China.Import\" \/>\n<meta property=\"article:modified_time\" content=\"2023-01-26T22:13:15+00:00\" \/>\n<meta name=\"twitter:card\" content=\"summary_large_image\" \/>\n<meta name=\"twitter:site\" content=\"@agenturfrisch\" \/>\n<meta name=\"twitter:label1\" content=\"Szacowany czas czytania\" \/>\n\t<meta name=\"twitter:data1\" content=\"7 minut\" \/>\n<script type=\"application\/ld+json\" class=\"yoast-schema-graph\">{\"@context\":\"https:\\\/\\\/schema.org\",\"@graph\":[{\"@type\":\"WebPage\",\"@id\":\"https:\\\/\\\/ag-frisch.com\\\/pl\\\/cif-z-chin\\\/\",\"url\":\"https:\\\/\\\/ag-frisch.com\\\/pl\\\/cif-z-chin\\\/\",\"name\":\"Ostro\u017cno\u015b\u0107 przy dostawach CIF z Chin | Ukryte koszty CISF\",\"isPartOf\":{\"@id\":\"https:\\\/\\\/ag-frisch.com\\\/de\\\/#website\"},\"datePublished\":\"2021-10-10T20:03:13+00:00\",\"dateModified\":\"2023-01-26T22:13:15+00:00\",\"description\":\"Uwa\u017caj na dostawy CIF przy imporcie z Chin \u25ba Unikaj ukrytych koszt\u00f3w CISF i zaufaj profesjonali\u015bcie od importu \u25ba Skorzystaj z porady ju\u017c teraz!\",\"breadcrumb\":{\"@id\":\"https:\\\/\\\/ag-frisch.com\\\/pl\\\/cif-z-chin\\\/#breadcrumb\"},\"inLanguage\":\"pl-PL\",\"potentialAction\":[{\"@type\":\"ReadAction\",\"target\":[\"https:\\\/\\\/ag-frisch.com\\\/pl\\\/cif-z-chin\\\/\"]}]},{\"@type\":\"BreadcrumbList\",\"@id\":\"https:\\\/\\\/ag-frisch.com\\\/pl\\\/cif-z-chin\\\/#breadcrumb\",\"itemListElement\":[{\"@type\":\"ListItem\",\"position\":1,\"name\":\"Startseite\",\"item\":\"https:\\\/\\\/ag-frisch.com\\\/de\\\/\"},{\"@type\":\"ListItem\",\"position\":2,\"name\":\"CIF z Chin\"}]},{\"@type\":\"WebSite\",\"@id\":\"https:\\\/\\\/ag-frisch.com\\\/de\\\/#website\",\"url\":\"https:\\\/\\\/ag-frisch.com\\\/de\\\/\",\"name\":\"China Import Beratung f\u00fcr den Einkauf aus China\",\"description\":\"China Import &amp; Export Beratung - Der Dienstleister Ihres Vertrauens f\u00fcr Ihren China Import\",\"publisher\":{\"@id\":\"https:\\\/\\\/ag-frisch.com\\\/de\\\/#organization\"},\"potentialAction\":[{\"@type\":\"SearchAction\",\"target\":{\"@type\":\"EntryPoint\",\"urlTemplate\":\"https:\\\/\\\/ag-frisch.com\\\/de\\\/?s={search_term_string}\"},\"query-input\":{\"@type\":\"PropertyValueSpecification\",\"valueRequired\":true,\"valueName\":\"search_term_string\"}}],\"inLanguage\":\"pl-PL\"},{\"@type\":\"Organization\",\"@id\":\"https:\\\/\\\/ag-frisch.com\\\/de\\\/#organization\",\"name\":\"Agentur Frisch International Consulting GmbH & Co. KG\",\"url\":\"https:\\\/\\\/ag-frisch.com\\\/de\\\/\",\"logo\":{\"@type\":\"ImageObject\",\"inLanguage\":\"pl-PL\",\"@id\":\"https:\\\/\\\/ag-frisch.com\\\/de\\\/#\\\/schema\\\/logo\\\/image\\\/\",\"url\":\"https:\\\/\\\/ag-frisch.com\\\/wp-content\\\/uploads\\\/2021\\\/08\\\/ag_logo_rgb_300_small.png\",\"contentUrl\":\"https:\\\/\\\/ag-frisch.com\\\/wp-content\\\/uploads\\\/2021\\\/08\\\/ag_logo_rgb_300_small.png\",\"width\":153,\"height\":102,\"caption\":\"Agentur Frisch International Consulting GmbH & Co. KG\"},\"image\":{\"@id\":\"https:\\\/\\\/ag-frisch.com\\\/de\\\/#\\\/schema\\\/logo\\\/image\\\/\"},\"sameAs\":[\"https:\\\/\\\/www.facebook.com\\\/China.Import\",\"https:\\\/\\\/x.com\\\/agenturfrisch\"]}]}<\/script>\n<!-- \/ Yoast SEO plugin. -->","yoast_head_json":{"title":"Ostro\u017cno\u015b\u0107 przy dostawach CIF z Chin | Ukryte koszty CISF","description":"Uwa\u017caj na dostawy CIF przy imporcie z Chin \u25ba Unikaj ukrytych koszt\u00f3w CISF i zaufaj profesjonali\u015bcie od importu \u25ba Skorzystaj z porady ju\u017c teraz!","robots":{"index":"index","follow":"follow","max-snippet":"max-snippet:-1","max-image-preview":"max-image-preview:large","max-video-preview":"max-video-preview:-1"},"canonical":"https:\/\/ag-frisch.com\/pl\/cif-z-chin\/","og_locale":"pl_PL","og_type":"article","og_title":"Ostro\u017cno\u015b\u0107 przy dostawach CIF z Chin | Ukryte koszty CISF","og_description":"Uwa\u017caj na dostawy CIF przy imporcie z Chin \u25ba Unikaj ukrytych koszt\u00f3w CISF i zaufaj profesjonali\u015bcie od importu \u25ba Skorzystaj z porady ju\u017c teraz!","og_url":"https:\/\/ag-frisch.com\/pl\/cif-z-chin\/","og_site_name":"China Import Beratung f\u00fcr den Einkauf aus China","article_publisher":"https:\/\/www.facebook.com\/China.Import","article_modified_time":"2023-01-26T22:13:15+00:00","twitter_card":"summary_large_image","twitter_site":"@agenturfrisch","twitter_misc":{"Szacowany czas czytania":"7 minut"},"schema":{"@context":"https:\/\/schema.org","@graph":[{"@type":"WebPage","@id":"https:\/\/ag-frisch.com\/pl\/cif-z-chin\/","url":"https:\/\/ag-frisch.com\/pl\/cif-z-chin\/","name":"Ostro\u017cno\u015b\u0107 przy dostawach CIF z Chin | Ukryte koszty CISF","isPartOf":{"@id":"https:\/\/ag-frisch.com\/de\/#website"},"datePublished":"2021-10-10T20:03:13+00:00","dateModified":"2023-01-26T22:13:15+00:00","description":"Uwa\u017caj na dostawy CIF przy imporcie z Chin \u25ba Unikaj ukrytych koszt\u00f3w CISF i zaufaj profesjonali\u015bcie od importu \u25ba Skorzystaj z porady ju\u017c teraz!","breadcrumb":{"@id":"https:\/\/ag-frisch.com\/pl\/cif-z-chin\/#breadcrumb"},"inLanguage":"pl-PL","potentialAction":[{"@type":"ReadAction","target":["https:\/\/ag-frisch.com\/pl\/cif-z-chin\/"]}]},{"@type":"BreadcrumbList","@id":"https:\/\/ag-frisch.com\/pl\/cif-z-chin\/#breadcrumb","itemListElement":[{"@type":"ListItem","position":1,"name":"Startseite","item":"https:\/\/ag-frisch.com\/de\/"},{"@type":"ListItem","position":2,"name":"CIF z Chin"}]},{"@type":"WebSite","@id":"https:\/\/ag-frisch.com\/de\/#website","url":"https:\/\/ag-frisch.com\/de\/","name":"China Import Beratung f\u00fcr den Einkauf aus China","description":"China Import &amp; Export Beratung - Der Dienstleister Ihres Vertrauens f\u00fcr Ihren China Import","publisher":{"@id":"https:\/\/ag-frisch.com\/de\/#organization"},"potentialAction":[{"@type":"SearchAction","target":{"@type":"EntryPoint","urlTemplate":"https:\/\/ag-frisch.com\/de\/?s={search_term_string}"},"query-input":{"@type":"PropertyValueSpecification","valueRequired":true,"valueName":"search_term_string"}}],"inLanguage":"pl-PL"},{"@type":"Organization","@id":"https:\/\/ag-frisch.com\/de\/#organization","name":"Agentur Frisch International Consulting GmbH & Co. KG","url":"https:\/\/ag-frisch.com\/de\/","logo":{"@type":"ImageObject","inLanguage":"pl-PL","@id":"https:\/\/ag-frisch.com\/de\/#\/schema\/logo\/image\/","url":"https:\/\/ag-frisch.com\/wp-content\/uploads\/2021\/08\/ag_logo_rgb_300_small.png","contentUrl":"https:\/\/ag-frisch.com\/wp-content\/uploads\/2021\/08\/ag_logo_rgb_300_small.png","width":153,"height":102,"caption":"Agentur Frisch International Consulting GmbH & Co. KG"},"image":{"@id":"https:\/\/ag-frisch.com\/de\/#\/schema\/logo\/image\/"},"sameAs":["https:\/\/www.facebook.com\/China.Import","https:\/\/x.com\/agenturfrisch"]}]}},"_links":{"self":[{"href":"https:\/\/ag-frisch.com\/pl\/wp-json\/wp\/v2\/pages\/9704","targetHints":{"allow":["GET"]}}],"collection":[{"href":"https:\/\/ag-frisch.com\/pl\/wp-json\/wp\/v2\/pages"}],"about":[{"href":"https:\/\/ag-frisch.com\/pl\/wp-json\/wp\/v2\/types\/page"}],"author":[{"embeddable":true,"href":"https:\/\/ag-frisch.com\/pl\/wp-json\/wp\/v2\/users\/2"}],"replies":[{"embeddable":true,"href":"https:\/\/ag-frisch.com\/pl\/wp-json\/wp\/v2\/comments?post=9704"}],"version-history":[{"count":0,"href":"https:\/\/ag-frisch.com\/pl\/wp-json\/wp\/v2\/pages\/9704\/revisions"}],"up":[{"embeddable":true,"href":"https:\/\/ag-frisch.com\/pl\/wp-json\/wp\/v2\/pages\/8505"}],"wp:attachment":[{"href":"https:\/\/ag-frisch.com\/pl\/wp-json\/wp\/v2\/media?parent=9704"}],"curies":[{"name":"wp","href":"https:\/\/api.w.org\/{rel}","templated":true}]}}