{"id":9975,"date":"2021-10-14T23:56:22","date_gmt":"2021-10-14T21:56:22","guid":{"rendered":"https:\/\/ag-frisch.com\/wycieczka-do-chin\/"},"modified":"2023-01-27T05:18:01","modified_gmt":"2023-01-27T04:18:01","slug":"wycieczka-do-chin","status":"publish","type":"page","link":"https:\/\/ag-frisch.com\/pl\/wycieczka-do-chin\/","title":{"rendered":"Wycieczka do Chin"},"content":{"rendered":"<p>[et_pb_section fb_built=&#8221;1&#8243; _builder_version=&#8221;4.9.10&#8243; _module_preset=&#8221;default&#8221; global_colors_info=&#8221;{}&#8221;][et_pb_row _builder_version=&#8221;4.9.10&#8243; _module_preset=&#8221;default&#8221; global_colors_info=&#8221;{}&#8221;][et_pb_column type=&#8221;4_4&#8243; _builder_version=&#8221;4.9.10&#8243; _module_preset=&#8221;default&#8221; global_colors_info=&#8221;{}&#8221;][et_pb_text _builder_version=&#8221;4.9.10&#8243; _module_preset=&#8221;default&#8221; global_colors_info=&#8221;{}&#8221;]<\/p>\n<p style=\"font-weight: 900;\">Podr\u00f3\u017c s\u0142u\u017cbowa lub wizyta w fabryce w Chinach lub Europie &#8211; Jeste\u015bmy ju\u017c na miejscu dla Ciebie!<\/p>\n<p>Jeste\u015b w Europie lub w inny spos\u00f3b poza Chinami i chcia\u0142by\u015b odwiedzi\u0107 swoich partner\u00f3w handlowych w Azji, g\u0142\u00f3wnie w Chinach? Wspieramy Pa\u0144stwa podczas wizyty w fabryce.<\/p>\n<p>Nawet je\u015bli mieszkasz w Azji lub innych krajach zagranicznych i chcia\u0142by\u015b odwiedzi\u0107 swoich partner\u00f3w handlowych w Niemczech, jeste\u015bmy dla Ciebie w\u0142a\u015bciwym kontaktem.<\/p>\n<p>Ju\u017c na etapie przygotowania wyjazdu wspieramy Pa\u0144stwa, aby doprowadzi\u0107 wyjazd s\u0142u\u017cbowy do pozytywnego rezultatu.<\/p>\n<p>&nbsp;<\/p>\n<p><strong>Podr\u00f3\u017c s\u0142u\u017cbowa do Chin<\/strong><\/p>\n<p>  Obok USA, Chiny od kilku lat s\u0105 jednym z czo\u0142owych kierunk\u00f3w podr\u00f3\u017cy biznesowych. Republika Ludowa jest otwarta na inwestor\u00f3w zagranicznych. Wskazane jest odwiedzenie kilku miast podczas podr\u00f3\u017cy s\u0142u\u017cbowej do Chin, aby pozna\u0107 nowe kontakty lub zidentyfikowa\u0107 nowe lokalizacje.<\/p>\n<p>&nbsp;<\/p>\n<p><strong>Szanghaj &#8211; kosmopolityczne miasto Chin<\/strong><\/p>\n<p>  Szanghaj zawsze powinien by\u0107 cz\u0119\u015bci\u0105 biznesowej podr\u00f3\u017cy do Chin. Licz\u0105ca 23 mln mieszka\u0144c\u00f3w (stan na 2010 r.) metropolia to opr\u00f3cz  <span> <\/span>najwa\u017cniejszy w\u0119ze\u0142 komunikacyjny kraju, centrum kultury i edukacji. Ponadto Szanghaj jest bardzo otwarty na handel ze \u015bwiatem zachodnim od czasu wojny opiumowej z Wielk\u0105 Brytani\u0105 w 1842 roku. Jednocze\u015bnie oznacza to, \u017ce j\u0119zyk angielski jest powszechny, zw\u0142aszcza w \u017cyciu biznesowym.  <span> <\/span>Do dzi\u015b Szanghaj jest flagowym domem przemys\u0142owym Chin. Opr\u00f3cz przemys\u0142u tekstylnego, Szanghaj jest pionierem w produkcji farmaceutyk\u00f3w, pojazd\u00f3w i druk\u00f3w. W mi\u0119dzyczasie w Szanghaju osiedli\u0142o si\u0119 oko\u0142o 50 tys. zagranicznych inwestor\u00f3w. Dobra podstawa do nawi\u0105zania nowych kontakt\u00f3w w Chinach.<\/p>\n<p>&nbsp;<\/p>\n<p><strong>Hongkong &#8211; finansowe centrum Chin<\/strong><\/p>\n<p>  Hongkong sta\u0142 si\u0119 r\u00f3wnie\u017c g\u0142\u00f3wnym o\u015brodkiem dla firm zagranicznych. Nie tylko dlatego, \u017ce metropolia przyj\u0119\u0142a w Chinach specjalny liberalny status. Od lat Hongkong jest jednym z najwa\u017cniejszych sektor\u00f3w finansowych na \u015bwiecie, dlatego jest r\u00f3wnie\u017c w du\u017cym stopniu uzale\u017cniony od handlu mi\u0119dzynarodowego. Inne zalety miasta to podatek, kt\u00f3ry jest niski w por\u00f3wnaniu z innymi chi\u0144skimi sektorami. Dlatego nie tylko zakupy s\u0105 szczeg\u00f3lnie tanie, ale r\u00f3wnie\u017c inwestycje mog\u0105 by\u0107 op\u0142acalne ze wzgl\u0119du na nisk\u0105 stawk\u0119 podatkow\u0105.<\/p>\n<p>&nbsp;<\/p>\n<p><strong>Pekin jako najwa\u017cniejszy motor gospodarczy<\/strong><\/p>\n<p>  Pekin jest stolic\u0105 Chin i dlatego podlega bezpo\u015brednio chi\u0144skiemu rz\u0105dowi, co mo\u017ce by\u0107 do\u015b\u0107 korzystne dla zagranicznych firm. Bo premier Chin widzi Niemcy i Chiny jako nowy dream team i chce zagwarantowa\u0107 sprawiedliwe traktowanie zagranicznych inwestor\u00f3w. To nast\u0105pi, gdy wejdzie w \u017cycie, najpierw w Pekinie. Cho\u0107by z tego powodu, ale tak\u017ce dlatego, \u017ce Pekin jest najwa\u017cniejszym chi\u0144skim motorem gospodarczym, stolicy Chin nie mo\u017cna pomin\u0105\u0107 jako celu podr\u00f3\u017cy s\u0142u\u017cbowej.<\/p>\n<p>&nbsp;<\/p>\n<p><strong>Agencja Frisch zarz\u0105dza ca\u0142\u0105 Pa\u0144stwa podr\u00f3\u017c\u0105 s\u0142u\u017cbow\u0105.<\/strong><\/p>\n<p><span>Przygotowanie do podr\u00f3\u017cy poprzez doradztwo i szkolenia<\/span><\/p>\n<p><em>Planowanie i organizacja spotka\u0144 biznesowych<\/em><\/p>\n<p><span>Planowanie i organizacja Pa\u0144stwa podr\u00f3\u017cy lotniczych, a tak\u017ce krajowych po\u0142\u0105cze\u0144 zagranicznych<\/span><\/p>\n<p><em>Organizacja i planowanie towarzystwa podr\u00f3\u017cy<\/em><\/p>\n<p><span>Pomoc w formalno\u015bciach zwi\u0105zanych z wjazdem<\/span><\/p>\n<p><span>Organizacja Pa\u0144stwa zakwaterowania<\/span><\/p>\n<p><span><\/span><\/p>\n<p><span><strong>Przygotowujemy Ci\u0119 do Chin  <\/strong><\/span><\/p>\n<p>Przygotowujemy z Tob\u0105 Twoj\u0105 podr\u00f3\u017c s\u0142u\u017cbow\u0105 tak, aby\u015b by\u0142 jak najlepiej przygotowany do wyjazdu. Dopasuj si\u0119 do kraju swojego partnera biznesowego &#8211; Agentur Frisch zapewnia Ci kompleksowe wsparcie.<\/p>\n<p>Szkolenia kompetencyjne na rynek azjatycki lub europejski. Wspieramy Ci\u0119, aby\u015b pozostawi\u0142 po sobie najlepsze wra\u017cenie i przygotowa\u0142 bezb\u0142\u0119dn\u0105 wsp\u00f3\u0142prac\u0119 mi\u0119dzykulturow\u0105.<\/p>\n<p><strong>Wspieramy Ci\u0119 podczas Twojego przyjazdu i pobytu w Chinach<\/strong><\/p>\n<p><span>Aby Twoja podr\u00f3\u017c s\u0142u\u017cbowa by\u0142a udana, wspieramy Ci\u0119 podczas pobytu w Chinach.<\/span><\/p>\n<p><span>Poprzez naszych partner\u00f3w, pracownik\u00f3w i lokalne kontakty mo\u017cemy zapewni\u0107 Pa\u0144stwu m.in. nast\u0119puj\u0105ce us\u0142ugi:<\/span><\/p>\n<p><em>Transfer z lotniska do hotelu<\/em><\/p>\n<p><span>Towarzyszenie podczas spotka\u0144 biznesowych, ch\u0119tnie z t\u0142umaczeniem<\/span><\/p>\n<p><em>Zwiedzanie miast i wsi z przewodnikiem<\/em><\/p>\n<p><span>Pomoc w sp\u0119dzaniu wolnego czasu<\/span><\/p>\n<p><em>Przesuni\u0119cia w ramach podr\u00f3\u017cy, np. do dalszych miast lub do dalszych partner\u00f3w handlowych<\/em><\/p>\n<p><span>Transfer powrotny na lotnisko wylotowe<\/span><br \/><strong><br \/>Jeste\u015bmy r\u00f3wnie\u017c zawsze do Pa\u0144stwa dyspozycji na miejscu. Prosimy o om\u00f3wienie z nami szczeg\u00f3\u0142\u00f3w pobytu, a my przedstawimy Pa\u0144stwu ofert\u0119 dopasowan\u0105 do Pa\u0144stwa plan\u00f3w.<\/strong><span>.<\/span><\/p>\n<p><img loading=\"lazy\" decoding=\"async\" width=\"180\" height=\"101\" alt=\"\" src=\"http:\/\/www.ag-frisch.de\/cmsstore\/S73F5675.JPG\"><\/p>\n<p><strong>Sue Keke z klientami w podr\u00f3\u017cy s\u0142u\u017cbowej<\/strong><\/p>\n<p><strong><\/strong><\/p>\n<p><strong>Tw\u00f3j pobyt za granic\u0105<\/strong><\/p>\n<p><strong> <\/strong><\/p>\n<p><strong><\/strong>Wybieramy dla Ciebie optymalne zakwaterowanie w kraju Twoich dostawc\u00f3w lub Twoich klient\u00f3w. Mamy ju\u017c kontakty z hotelami i hostelami, dzi\u0119ki czemu mo\u017cesz uzyska\u0107 najlepsze mo\u017cliwe zakwaterowanie dostosowane do Twoich potrzeb.<\/p>\n<p>W wielu miastach istnieje r\u00f3wnie\u017c mo\u017cliwo\u015b\u0107 zakwaterowania w mieszkaniach lub mieszkaniach go\u015bcinnych z w\u0142asn\u0105 kuchni\u0105 za rozs\u0105dn\u0105 cen\u0119.<\/p>\n<p>Skupiamy si\u0119 na Niemczech i Chinach. Skontaktuj si\u0119 z nami, aby znale\u017a\u0107 najlepsze rozwi\u0105zanie dla swoich potrzeb.<\/p>\n<p>Oczywi\u015bcie jeste\u015bmy r\u00f3wnie\u017c w\u0142a\u015bciwym kontaktem w sprawie podr\u00f3\u017cy i ch\u0119tnie pomo\u017cemy.<\/p>\n<p>&nbsp;<\/p>\n<h4><strong>Jeste\u015bcie Pa\u0144stwo sami dostawcami i chcieliby\u015bcie zaprezentowa\u0107 si\u0119 na targach w Niemczech lub Chinach?<\/strong><\/h4>\n<p><span>Chcesz kupi\u0107 w Chinach lub Niemczech i szukasz agenta, kt\u00f3ry bada potencjalnych dostawc\u00f3w na tamtejszych targach?<\/span><\/p>\n<p><span>W takim razie Agentur Frisch jest w\u0142a\u015bciwym partnerem do kontakt\u00f3w, poniewa\u017c z przyjemno\u015bci\u0105 b\u0119dziemy tam dla Pa\u0144stwa, aby Pa\u0144stwa wizyta na targach zako\u0144czy\u0142a si\u0119 sukcesem.<\/span><\/p>\n<p><span>Przygotowujemy targi dla Ciebie jako wystawcy i organizujemy ca\u0142y proces za Ciebie. Od rezerwacji powierzchni, poprzez ustawienie i wyposa\u017cenie stoiska, a\u017c po prowadzenie promocji, zapewniamy Pa\u0144stwu kompleksowe wsparcie.<\/span><\/p>\n<p><span>lub<\/span><\/p>\n<p><span>odwiedzamy targi i nawi\u0105zujemy dla Pa\u0144stwa kontakt z potencjalnymi dostawcami. Otrzymasz jasne wyniki i raporty, dzi\u0119ki czemu b\u0119dziemy mogli by\u0107 Twoim przedstawicielem przy zakupach na targach i tym samym odci\u0105\u017cy\u0107 Ci\u0119.<\/span><\/p>\n<p>&nbsp;<\/p>\n<p>[\/et_pb_text][\/et_pb_column][\/et_pb_row][\/et_pb_section]<\/p>\n","protected":false},"excerpt":{"rendered":"<p>Podr\u00f3\u017c s\u0142u\u017cbowa lub wizyta w fabryce w Chinach lub Europie &#8211; Jeste\u015bmy ju\u017c na miejscu dla Ciebie! Jeste\u015b w Europie lub w inny spos\u00f3b poza Chinami i chcia\u0142by\u015b odwiedzi\u0107 swoich partner\u00f3w handlowych w Azji, g\u0142\u00f3wnie w Chinach? Wspieramy Pa\u0144stwa podczas wizyty w fabryce. Nawet je\u015bli mieszkasz w Azji lub innych krajach zagranicznych i chcia\u0142by\u015b odwiedzi\u0107 [&hellip;]<\/p>\n","protected":false},"author":2,"featured_media":0,"parent":0,"menu_order":0,"comment_status":"closed","ping_status":"closed","template":"","meta":{"_et_pb_use_builder":"on","_et_pb_old_content":"","_et_gb_content_width":"","footnotes":""},"class_list":["post-9975","page","type-page","status-publish","hentry"],"yoast_head":"<!-- This site is optimized with the Yoast SEO plugin v27.4 - https:\/\/yoast.com\/product\/yoast-seo-wordpress\/ -->\n<title>Wizyta w fabryce w Chinach\/ Podr\u00f3\u017c s\u0142u\u017cbowa do Chin<\/title>\n<meta name=\"description\" content=\"Wizyta w fabryce w Chinach- Podr\u00f3\u017c s\u0142u\u017cbowa do Chin- Wizyta u dostawcy w Chinach - skorzystaj z porad ekspert\u00f3w ju\u017c teraz.\" \/>\n<meta name=\"robots\" content=\"index, follow, max-snippet:-1, max-image-preview:large, max-video-preview:-1\" \/>\n<link rel=\"canonical\" href=\"https:\/\/ag-frisch.com\/pl\/wycieczka-do-chin\/\" \/>\n<meta property=\"og:locale\" content=\"pl_PL\" \/>\n<meta property=\"og:type\" content=\"article\" \/>\n<meta property=\"og:title\" content=\"Wizyta w fabryce w Chinach\/ Podr\u00f3\u017c s\u0142u\u017cbowa do Chin\" \/>\n<meta property=\"og:description\" content=\"Wizyta w fabryce w Chinach- Podr\u00f3\u017c s\u0142u\u017cbowa do Chin- Wizyta u dostawcy w Chinach - skorzystaj z porad ekspert\u00f3w ju\u017c teraz.\" \/>\n<meta property=\"og:url\" content=\"https:\/\/ag-frisch.com\/pl\/wycieczka-do-chin\/\" \/>\n<meta property=\"og:site_name\" content=\"China Import Beratung f\u00fcr den Einkauf aus China\" \/>\n<meta property=\"article:publisher\" content=\"https:\/\/www.facebook.com\/China.Import\" \/>\n<meta property=\"article:modified_time\" content=\"2023-01-27T04:18:01+00:00\" \/>\n<meta property=\"og:image\" content=\"http:\/\/www.ag-frisch.de\/cmsstore\/S73F5675.JPG\" \/>\n<meta name=\"twitter:card\" content=\"summary_large_image\" \/>\n<meta name=\"twitter:site\" content=\"@agenturfrisch\" \/>\n<meta name=\"twitter:label1\" content=\"Szacowany czas czytania\" \/>\n\t<meta name=\"twitter:data1\" content=\"5 minut\" \/>\n<script type=\"application\/ld+json\" class=\"yoast-schema-graph\">{\"@context\":\"https:\\\/\\\/schema.org\",\"@graph\":[{\"@type\":\"WebPage\",\"@id\":\"https:\\\/\\\/ag-frisch.com\\\/pl\\\/wycieczka-do-chin\\\/\",\"url\":\"https:\\\/\\\/ag-frisch.com\\\/pl\\\/wycieczka-do-chin\\\/\",\"name\":\"Wizyta w fabryce w Chinach\\\/ Podr\u00f3\u017c s\u0142u\u017cbowa do Chin\",\"isPartOf\":{\"@id\":\"https:\\\/\\\/ag-frisch.com\\\/de\\\/#website\"},\"primaryImageOfPage\":{\"@id\":\"https:\\\/\\\/ag-frisch.com\\\/pl\\\/wycieczka-do-chin\\\/#primaryimage\"},\"image\":{\"@id\":\"https:\\\/\\\/ag-frisch.com\\\/pl\\\/wycieczka-do-chin\\\/#primaryimage\"},\"thumbnailUrl\":\"http:\\\/\\\/www.ag-frisch.de\\\/cmsstore\\\/S73F5675.JPG\",\"datePublished\":\"2021-10-14T21:56:22+00:00\",\"dateModified\":\"2023-01-27T04:18:01+00:00\",\"description\":\"Wizyta w fabryce w Chinach- Podr\u00f3\u017c s\u0142u\u017cbowa do Chin- Wizyta u dostawcy w Chinach - skorzystaj z porad ekspert\u00f3w ju\u017c teraz.\",\"breadcrumb\":{\"@id\":\"https:\\\/\\\/ag-frisch.com\\\/pl\\\/wycieczka-do-chin\\\/#breadcrumb\"},\"inLanguage\":\"pl-PL\",\"potentialAction\":[{\"@type\":\"ReadAction\",\"target\":[\"https:\\\/\\\/ag-frisch.com\\\/pl\\\/wycieczka-do-chin\\\/\"]}]},{\"@type\":\"ImageObject\",\"inLanguage\":\"pl-PL\",\"@id\":\"https:\\\/\\\/ag-frisch.com\\\/pl\\\/wycieczka-do-chin\\\/#primaryimage\",\"url\":\"http:\\\/\\\/www.ag-frisch.de\\\/cmsstore\\\/S73F5675.JPG\",\"contentUrl\":\"http:\\\/\\\/www.ag-frisch.de\\\/cmsstore\\\/S73F5675.JPG\"},{\"@type\":\"BreadcrumbList\",\"@id\":\"https:\\\/\\\/ag-frisch.com\\\/pl\\\/wycieczka-do-chin\\\/#breadcrumb\",\"itemListElement\":[{\"@type\":\"ListItem\",\"position\":1,\"name\":\"Startseite\",\"item\":\"https:\\\/\\\/ag-frisch.com\\\/de\\\/\"},{\"@type\":\"ListItem\",\"position\":2,\"name\":\"Wycieczka do Chin\"}]},{\"@type\":\"WebSite\",\"@id\":\"https:\\\/\\\/ag-frisch.com\\\/de\\\/#website\",\"url\":\"https:\\\/\\\/ag-frisch.com\\\/de\\\/\",\"name\":\"China Import Beratung f\u00fcr den Einkauf aus China\",\"description\":\"China Import &amp; Export Beratung - Der Dienstleister Ihres Vertrauens f\u00fcr Ihren China Import\",\"publisher\":{\"@id\":\"https:\\\/\\\/ag-frisch.com\\\/de\\\/#organization\"},\"potentialAction\":[{\"@type\":\"SearchAction\",\"target\":{\"@type\":\"EntryPoint\",\"urlTemplate\":\"https:\\\/\\\/ag-frisch.com\\\/de\\\/?s={search_term_string}\"},\"query-input\":{\"@type\":\"PropertyValueSpecification\",\"valueRequired\":true,\"valueName\":\"search_term_string\"}}],\"inLanguage\":\"pl-PL\"},{\"@type\":\"Organization\",\"@id\":\"https:\\\/\\\/ag-frisch.com\\\/de\\\/#organization\",\"name\":\"Agentur Frisch International Consulting GmbH & Co. KG\",\"url\":\"https:\\\/\\\/ag-frisch.com\\\/de\\\/\",\"logo\":{\"@type\":\"ImageObject\",\"inLanguage\":\"pl-PL\",\"@id\":\"https:\\\/\\\/ag-frisch.com\\\/de\\\/#\\\/schema\\\/logo\\\/image\\\/\",\"url\":\"https:\\\/\\\/ag-frisch.com\\\/wp-content\\\/uploads\\\/2021\\\/08\\\/ag_logo_rgb_300_small.png\",\"contentUrl\":\"https:\\\/\\\/ag-frisch.com\\\/wp-content\\\/uploads\\\/2021\\\/08\\\/ag_logo_rgb_300_small.png\",\"width\":153,\"height\":102,\"caption\":\"Agentur Frisch International Consulting GmbH & Co. KG\"},\"image\":{\"@id\":\"https:\\\/\\\/ag-frisch.com\\\/de\\\/#\\\/schema\\\/logo\\\/image\\\/\"},\"sameAs\":[\"https:\\\/\\\/www.facebook.com\\\/China.Import\",\"https:\\\/\\\/x.com\\\/agenturfrisch\"]}]}<\/script>\n<!-- \/ Yoast SEO plugin. -->","yoast_head_json":{"title":"Wizyta w fabryce w Chinach\/ Podr\u00f3\u017c s\u0142u\u017cbowa do Chin","description":"Wizyta w fabryce w Chinach- Podr\u00f3\u017c s\u0142u\u017cbowa do Chin- Wizyta u dostawcy w Chinach - skorzystaj z porad ekspert\u00f3w ju\u017c teraz.","robots":{"index":"index","follow":"follow","max-snippet":"max-snippet:-1","max-image-preview":"max-image-preview:large","max-video-preview":"max-video-preview:-1"},"canonical":"https:\/\/ag-frisch.com\/pl\/wycieczka-do-chin\/","og_locale":"pl_PL","og_type":"article","og_title":"Wizyta w fabryce w Chinach\/ Podr\u00f3\u017c s\u0142u\u017cbowa do Chin","og_description":"Wizyta w fabryce w Chinach- Podr\u00f3\u017c s\u0142u\u017cbowa do Chin- Wizyta u dostawcy w Chinach - skorzystaj z porad ekspert\u00f3w ju\u017c teraz.","og_url":"https:\/\/ag-frisch.com\/pl\/wycieczka-do-chin\/","og_site_name":"China Import Beratung f\u00fcr den Einkauf aus China","article_publisher":"https:\/\/www.facebook.com\/China.Import","article_modified_time":"2023-01-27T04:18:01+00:00","og_image":[{"url":"http:\/\/www.ag-frisch.de\/cmsstore\/S73F5675.JPG","type":"","width":"","height":""}],"twitter_card":"summary_large_image","twitter_site":"@agenturfrisch","twitter_misc":{"Szacowany czas czytania":"5 minut"},"schema":{"@context":"https:\/\/schema.org","@graph":[{"@type":"WebPage","@id":"https:\/\/ag-frisch.com\/pl\/wycieczka-do-chin\/","url":"https:\/\/ag-frisch.com\/pl\/wycieczka-do-chin\/","name":"Wizyta w fabryce w Chinach\/ Podr\u00f3\u017c s\u0142u\u017cbowa do Chin","isPartOf":{"@id":"https:\/\/ag-frisch.com\/de\/#website"},"primaryImageOfPage":{"@id":"https:\/\/ag-frisch.com\/pl\/wycieczka-do-chin\/#primaryimage"},"image":{"@id":"https:\/\/ag-frisch.com\/pl\/wycieczka-do-chin\/#primaryimage"},"thumbnailUrl":"http:\/\/www.ag-frisch.de\/cmsstore\/S73F5675.JPG","datePublished":"2021-10-14T21:56:22+00:00","dateModified":"2023-01-27T04:18:01+00:00","description":"Wizyta w fabryce w Chinach- Podr\u00f3\u017c s\u0142u\u017cbowa do Chin- Wizyta u dostawcy w Chinach - skorzystaj z porad ekspert\u00f3w ju\u017c teraz.","breadcrumb":{"@id":"https:\/\/ag-frisch.com\/pl\/wycieczka-do-chin\/#breadcrumb"},"inLanguage":"pl-PL","potentialAction":[{"@type":"ReadAction","target":["https:\/\/ag-frisch.com\/pl\/wycieczka-do-chin\/"]}]},{"@type":"ImageObject","inLanguage":"pl-PL","@id":"https:\/\/ag-frisch.com\/pl\/wycieczka-do-chin\/#primaryimage","url":"http:\/\/www.ag-frisch.de\/cmsstore\/S73F5675.JPG","contentUrl":"http:\/\/www.ag-frisch.de\/cmsstore\/S73F5675.JPG"},{"@type":"BreadcrumbList","@id":"https:\/\/ag-frisch.com\/pl\/wycieczka-do-chin\/#breadcrumb","itemListElement":[{"@type":"ListItem","position":1,"name":"Startseite","item":"https:\/\/ag-frisch.com\/de\/"},{"@type":"ListItem","position":2,"name":"Wycieczka do Chin"}]},{"@type":"WebSite","@id":"https:\/\/ag-frisch.com\/de\/#website","url":"https:\/\/ag-frisch.com\/de\/","name":"China Import Beratung f\u00fcr den Einkauf aus China","description":"China Import &amp; Export Beratung - Der Dienstleister Ihres Vertrauens f\u00fcr Ihren China Import","publisher":{"@id":"https:\/\/ag-frisch.com\/de\/#organization"},"potentialAction":[{"@type":"SearchAction","target":{"@type":"EntryPoint","urlTemplate":"https:\/\/ag-frisch.com\/de\/?s={search_term_string}"},"query-input":{"@type":"PropertyValueSpecification","valueRequired":true,"valueName":"search_term_string"}}],"inLanguage":"pl-PL"},{"@type":"Organization","@id":"https:\/\/ag-frisch.com\/de\/#organization","name":"Agentur Frisch International Consulting GmbH & Co. KG","url":"https:\/\/ag-frisch.com\/de\/","logo":{"@type":"ImageObject","inLanguage":"pl-PL","@id":"https:\/\/ag-frisch.com\/de\/#\/schema\/logo\/image\/","url":"https:\/\/ag-frisch.com\/wp-content\/uploads\/2021\/08\/ag_logo_rgb_300_small.png","contentUrl":"https:\/\/ag-frisch.com\/wp-content\/uploads\/2021\/08\/ag_logo_rgb_300_small.png","width":153,"height":102,"caption":"Agentur Frisch International Consulting GmbH & Co. KG"},"image":{"@id":"https:\/\/ag-frisch.com\/de\/#\/schema\/logo\/image\/"},"sameAs":["https:\/\/www.facebook.com\/China.Import","https:\/\/x.com\/agenturfrisch"]}]}},"_links":{"self":[{"href":"https:\/\/ag-frisch.com\/pl\/wp-json\/wp\/v2\/pages\/9975","targetHints":{"allow":["GET"]}}],"collection":[{"href":"https:\/\/ag-frisch.com\/pl\/wp-json\/wp\/v2\/pages"}],"about":[{"href":"https:\/\/ag-frisch.com\/pl\/wp-json\/wp\/v2\/types\/page"}],"author":[{"embeddable":true,"href":"https:\/\/ag-frisch.com\/pl\/wp-json\/wp\/v2\/users\/2"}],"replies":[{"embeddable":true,"href":"https:\/\/ag-frisch.com\/pl\/wp-json\/wp\/v2\/comments?post=9975"}],"version-history":[{"count":0,"href":"https:\/\/ag-frisch.com\/pl\/wp-json\/wp\/v2\/pages\/9975\/revisions"}],"wp:attachment":[{"href":"https:\/\/ag-frisch.com\/pl\/wp-json\/wp\/v2\/media?parent=9975"}],"curies":[{"name":"wp","href":"https:\/\/api.w.org\/{rel}","templated":true}]}}